{"id":1055,"date":"2021-10-08T10:01:00","date_gmt":"2021-10-08T08:01:00","guid":{"rendered":"http:\/\/136.144.206.149\/~bimmer\/product\/sonnenblenden-alcantara\/"},"modified":"2025-11-17T10:40:15","modified_gmt":"2025-11-17T09:40:15","slug":"sonnenblenden-alcantara","status":"publish","type":"product","link":"https:\/\/bimmermasterpieces.com\/de\/produkt\/sonnenblenden-alcantara\/","title":{"rendered":"Bmw Sonnenblenden Alcantara"},"content":{"rendered":"","protected":false},"excerpt":{"rendered":"<p><span style=\"color:red; font-weight: 700;\">Ist Ihr BMW-Modell nicht dabei ?  Bitte sende uns eine Nachricht.<\/span><\/p>\n<p>Aufgrund der vielfachen Nachfrage,Sonnenblenden ( wie z.b beim BMW 7er ) mit Premium-Optik in das Lieferprogramm aufzunehmen,haben wir darauf reagiert.<br \/>\nEin zus\u00e4tzlicher Vorteil ist,dass die von vielen als h\u00e4sslich empfundenen Airbag-Aufkleber nicht mehr vorhanden sind. ( das entfernen des Airbag-Aufklebers ist sehr schwierig und hinterl\u00e4sst einen dauerhaften und h\u00e4sslichen Abdruck ! )<br \/>\nSelbstverst\u00e4ndlich k\u00f6nnen Sie aus allen originalen Garnfarben w\u00e4hlen,die BMW verwendet.<\/p>\n<p>Der Preis ist pro Satz von zwei.<\/p>\n<p><a href=\"https:\/\/www.facebook.com\/media\/set\/?set=a.868942089942580&amp;type=3\" target=\"_blank\" rel=\"noopener\">F\u00fcr mehr Bilden Click hier<\/a><\/p>\n<h4>verschiedene Auswahlm\u00f6glichkeiten ( siehe Auswahlmenu )<\/h4>\n","protected":false},"featured_media":884,"template":"","meta":{"_acf_changed":false},"product_brand":[],"product_cat":[15],"product_tag":[],"class_list":{"0":"post-1055","1":"product","2":"type-product","3":"status-publish","4":"has-post-thumbnail","6":"product_cat-geen-categorie","8":"first","9":"instock","10":"shipping-taxable","11":"purchasable","12":"product-type-variable"},"acf":[],"wcpa_form_fields":null,"_links":{"self":[{"href":"https:\/\/bimmermasterpieces.com\/de\/wp-json\/wp\/v2\/product\/1055","targetHints":{"allow":["GET"]}}],"collection":[{"href":"https:\/\/bimmermasterpieces.com\/de\/wp-json\/wp\/v2\/product"}],"about":[{"href":"https:\/\/bimmermasterpieces.com\/de\/wp-json\/wp\/v2\/types\/product"}],"wp:featuredmedia":[{"embeddable":true,"href":"https:\/\/bimmermasterpieces.com\/de\/wp-json\/wp\/v2\/media\/884"}],"wp:attachment":[{"href":"https:\/\/bimmermasterpieces.com\/de\/wp-json\/wp\/v2\/media?parent=1055"}],"wp:term":[{"taxonomy":"product_brand","embeddable":true,"href":"https:\/\/bimmermasterpieces.com\/de\/wp-json\/wp\/v2\/product_brand?post=1055"},{"taxonomy":"product_cat","embeddable":true,"href":"https:\/\/bimmermasterpieces.com\/de\/wp-json\/wp\/v2\/product_cat?post=1055"},{"taxonomy":"product_tag","embeddable":true,"href":"https:\/\/bimmermasterpieces.com\/de\/wp-json\/wp\/v2\/product_tag?post=1055"}],"curies":[{"name":"wp","href":"https:\/\/api.w.org\/{rel}","templated":true}]}}