{"id":1190,"date":"2021-10-09T08:22:08","date_gmt":"2021-10-09T06:22:08","guid":{"rendered":"http:\/\/136.144.206.149\/~bimmer\/product\/beluftungsrost-alcantara-blende-centerstack\/"},"modified":"2024-08-24T19:34:19","modified_gmt":"2024-08-24T17:34:19","slug":"beluftungsrost-alcantara-blende-centerstack","status":"publish","type":"product","link":"https:\/\/bimmermasterpieces.com\/de\/produkt\/beluftungsrost-alcantara-blende-centerstack\/","title":{"rendered":"Bmw Bel\u00fcftungsrost + Alcantara blende centerstack"},"content":{"rendered":"<p>Seit langer Zeit haben wir das h\u00e4ufig verkaufte Luftgitter in unserem Lieferprogramm, das mit einer mit Alcantara gepolsterten Umrandung versehen ist. Wir waren dennoch der Meinung, dass das Design des Mittelteils des Armaturenbretts noch nicht komplett war. Deshalb liefern wir nun auch die untere Haube, die mit Alcantara versehen ist.<\/p>\n<p>Hierdurch entsteht der gleichgewichtige Eindruck, dass das sch\u00f6ne, hochglanzschwarze Paneel des Radios\/der Klimaanlage zwischen Alcantara-Teilen eingeklemmt ist. In Wirklichkeit sorgt diese Kombination f\u00fcr einen schicken Premium-Designboost und eine Reduzierung des Plastikgehalts der Innenausstattung.<\/p>\n<p>Das orginal: <img decoding=\"async\" src=\"https:\/\/bimmermasterpieces.com\/wp-content\/uploads\/2021\/10\/BMW-M2-interior-011.jpg\" \/><\/p>\n<ul>\n<li>Das verwendete Garn ist in Hochglanzausf\u00fchrung.<\/li>\n<li><em>Wir verwenden nur die orginal Garnfarbe.<\/em><\/li>\n<li>Die Montage\u00a0ist sehr einfach und dauert ca. 20 Minuten.<\/li>\n<li>Auch erh\u00e4ltlich in den Alcantara-Farben: Rot , Estoril-blau und weiss.<\/li>\n<li>Made in the Netherlands<\/li>\n<li>Wenn gew\u00fcnscht , k\u00f6nnen Sie nach Erhalt der Alcantara beschichteten Frischluftstr\u00f6mer an uns senden aber unter der Bedingung dass es 100% in Ordnung ist! Nach Erhalt und Pr\u00fcfen kreditieren wir \u20ac 106,-<\/li>\n<li>Nicht f\u00fcr das neue Armaturenbrett geeignet.<\/li>\n<\/ul>\n","protected":false},"excerpt":{"rendered":"<p><a href=\"https:\/\/www.facebook.com\/pg\/Bimmer-Masterpieces-727398880763569\/photos\/?tab=album&amp;album_id=727418134094977\" target=\"_blank\" rel=\"noopener\">F\u00fcr mehr Bilden Click hier<\/a><\/p>\n<h4>verschiedene Auswahlm\u00f6glichkeiten ( siehe Auswahlmenu )<\/h4>\n","protected":false},"featured_media":1129,"template":"","meta":{"_acf_changed":false},"product_brand":[],"product_cat":[15],"product_tag":[],"class_list":{"0":"post-1190","1":"product","2":"type-product","3":"status-publish","4":"has-post-thumbnail","6":"product_cat-geen-categorie","8":"first","9":"instock","10":"shipping-taxable","11":"purchasable","12":"product-type-variable"},"acf":[],"wcpa_form_fields":null,"_links":{"self":[{"href":"https:\/\/bimmermasterpieces.com\/de\/wp-json\/wp\/v2\/product\/1190","targetHints":{"allow":["GET"]}}],"collection":[{"href":"https:\/\/bimmermasterpieces.com\/de\/wp-json\/wp\/v2\/product"}],"about":[{"href":"https:\/\/bimmermasterpieces.com\/de\/wp-json\/wp\/v2\/types\/product"}],"wp:featuredmedia":[{"embeddable":true,"href":"https:\/\/bimmermasterpieces.com\/de\/wp-json\/wp\/v2\/media\/1129"}],"wp:attachment":[{"href":"https:\/\/bimmermasterpieces.com\/de\/wp-json\/wp\/v2\/media?parent=1190"}],"wp:term":[{"taxonomy":"product_brand","embeddable":true,"href":"https:\/\/bimmermasterpieces.com\/de\/wp-json\/wp\/v2\/product_brand?post=1190"},{"taxonomy":"product_cat","embeddable":true,"href":"https:\/\/bimmermasterpieces.com\/de\/wp-json\/wp\/v2\/product_cat?post=1190"},{"taxonomy":"product_tag","embeddable":true,"href":"https:\/\/bimmermasterpieces.com\/de\/wp-json\/wp\/v2\/product_tag?post=1190"}],"curies":[{"name":"wp","href":"https:\/\/api.w.org\/{rel}","templated":true}]}}