{"id":1263,"date":"2021-10-09T09:30:24","date_gmt":"2021-10-09T07:30:24","guid":{"rendered":"http:\/\/136.144.206.149\/~bimmer\/product\/design-upgrade-turpaneel\/"},"modified":"2024-08-24T19:30:20","modified_gmt":"2024-08-24T17:30:20","slug":"design-upgrade-turpaneel","status":"publish","type":"product","link":"https:\/\/bimmermasterpieces.com\/de\/produkt\/design-upgrade-turpaneel\/","title":{"rendered":"Bmw Design-upgrade T\u00fcrpaneel"},"content":{"rendered":"","protected":false},"excerpt":{"rendered":"<p>75% der Oberfl\u00e4che des T\u00fcrpaneels besteht aus relativ hartem, ziemlich gl\u00e4nzendem Plastik. Um diese Ausstrahlung etwas zu versch\u00f6nern, haben wir unserem bestehenden Sortiment einen sehr biegsamen, 1,3 mm d\u00fcnnen Kunststoffstreifen mit dem originalen Alcantara hinzugef\u00fcgt. Die Premium-Metamorphose, die mit diesem subteilen Alcantara-Streifen erreicht wird, ist nahezu unvorstellbar!<\/p>\n<p>Der Streifen ist auf der R\u00fcckseite mit einem besonderen 3M Klebeband versehen. Wie es bei all unseren Produkten der Fall ist, kann auch dieses Teil zu jedem Zeitpunkt und ohne Sch\u00e4den zu hinterlassen wieder entfernt werden.<\/p>\n<p>In 6 Versionen erh\u00e4ltlich.<\/p>\n<p>Bitte beachten Sie, dass dieses Produkt zu 100% handgemacht ist.<\/p>\n<p>Der Preis ist pro Satz von zwei.<\/p>\n<p><a href=\"https:\/\/www.facebook.com\/pg\/Bimmer-Masterpieces-727398880763569\/photos\/?tab=album&amp;album_id=854557244714398\" target=\"_blank\" rel=\"noopener\">F\u00fcr mehr Bilden Click hier<\/a><\/p>\n<h4>verschiedene Auswahlm\u00f6glichkeiten ( siehe Auswahlmenu )<\/h4>\n","protected":false},"featured_media":1212,"template":"","meta":{"_acf_changed":false},"product_brand":[],"product_cat":[15],"product_tag":[],"class_list":{"0":"post-1263","1":"product","2":"type-product","3":"status-publish","4":"has-post-thumbnail","6":"product_cat-geen-categorie","8":"first","9":"instock","10":"shipping-taxable","11":"purchasable","12":"product-type-variable"},"acf":[],"wcpa_form_fields":null,"_links":{"self":[{"href":"https:\/\/bimmermasterpieces.com\/de\/wp-json\/wp\/v2\/product\/1263","targetHints":{"allow":["GET"]}}],"collection":[{"href":"https:\/\/bimmermasterpieces.com\/de\/wp-json\/wp\/v2\/product"}],"about":[{"href":"https:\/\/bimmermasterpieces.com\/de\/wp-json\/wp\/v2\/types\/product"}],"wp:featuredmedia":[{"embeddable":true,"href":"https:\/\/bimmermasterpieces.com\/de\/wp-json\/wp\/v2\/media\/1212"}],"wp:attachment":[{"href":"https:\/\/bimmermasterpieces.com\/de\/wp-json\/wp\/v2\/media?parent=1263"}],"wp:term":[{"taxonomy":"product_brand","embeddable":true,"href":"https:\/\/bimmermasterpieces.com\/de\/wp-json\/wp\/v2\/product_brand?post=1263"},{"taxonomy":"product_cat","embeddable":true,"href":"https:\/\/bimmermasterpieces.com\/de\/wp-json\/wp\/v2\/product_cat?post=1263"},{"taxonomy":"product_tag","embeddable":true,"href":"https:\/\/bimmermasterpieces.com\/de\/wp-json\/wp\/v2\/product_tag?post=1263"}],"curies":[{"name":"wp","href":"https:\/\/api.w.org\/{rel}","templated":true}]}}