{"id":1408,"date":"2021-10-09T11:02:47","date_gmt":"2021-10-09T09:02:47","guid":{"rendered":"http:\/\/136.144.206.149\/~bimmer\/product\/abdeckung-schaltknuppel\/"},"modified":"2024-08-24T19:26:04","modified_gmt":"2024-08-24T17:26:04","slug":"abdeckung-schaltknuppel","status":"publish","type":"product","link":"https:\/\/bimmermasterpieces.com\/de\/produkt\/abdeckung-schaltknuppel\/","title":{"rendered":"Bmw Abdeckung schaltkn\u00fcppel"},"content":{"rendered":"","protected":false},"excerpt":{"rendered":"<p>Schon seitdem es das Auto gibt, haben sowohl Designer als auch Autoliebhaber dem Design dieses Einzelteils besondere Bedeutung beigemessen. Das gilt auch f\u00fcr uns.<\/p>\n<p>\u00dcber Geschmack l\u00e4sst sich ja bekannterma\u00dfen streiten, weshalb wir Ihnen 8 Auswahlm\u00f6glichkeiten bieten.<\/p>\n<p>Die Montage ist sehr einfach (5-10 Minuten) und auch der Schaltknauf muss nicht abmontiert werden.<\/p>\n<p><a href=\"https:\/\/www.facebook.com\/pg\/Bimmer-Masterpieces-727398880763569\/photos\/?tab=album&amp;album_id=839708166199306\" target=\"_blank\" rel=\"noopener\">F\u00fcr mehr Bilden Click hier<\/a><\/p>\n<h4>verschiedene Auswahlm\u00f6glichkeiten ( siehe Auswahlmenu )<\/h4>\n","protected":false},"featured_media":1345,"template":"","meta":{"_acf_changed":false},"product_brand":[],"product_cat":[15],"product_tag":[],"class_list":{"0":"post-1408","1":"product","2":"type-product","3":"status-publish","4":"has-post-thumbnail","6":"product_cat-geen-categorie","8":"first","9":"instock","10":"shipping-taxable","11":"purchasable","12":"product-type-variable"},"acf":[],"wcpa_form_fields":null,"_links":{"self":[{"href":"https:\/\/bimmermasterpieces.com\/de\/wp-json\/wp\/v2\/product\/1408","targetHints":{"allow":["GET"]}}],"collection":[{"href":"https:\/\/bimmermasterpieces.com\/de\/wp-json\/wp\/v2\/product"}],"about":[{"href":"https:\/\/bimmermasterpieces.com\/de\/wp-json\/wp\/v2\/types\/product"}],"wp:featuredmedia":[{"embeddable":true,"href":"https:\/\/bimmermasterpieces.com\/de\/wp-json\/wp\/v2\/media\/1345"}],"wp:attachment":[{"href":"https:\/\/bimmermasterpieces.com\/de\/wp-json\/wp\/v2\/media?parent=1408"}],"wp:term":[{"taxonomy":"product_brand","embeddable":true,"href":"https:\/\/bimmermasterpieces.com\/de\/wp-json\/wp\/v2\/product_brand?post=1408"},{"taxonomy":"product_cat","embeddable":true,"href":"https:\/\/bimmermasterpieces.com\/de\/wp-json\/wp\/v2\/product_cat?post=1408"},{"taxonomy":"product_tag","embeddable":true,"href":"https:\/\/bimmermasterpieces.com\/de\/wp-json\/wp\/v2\/product_tag?post=1408"}],"curies":[{"name":"wp","href":"https:\/\/api.w.org\/{rel}","templated":true}]}}