{"id":1657,"date":"2021-10-11T13:31:33","date_gmt":"2021-10-11T11:31:33","guid":{"rendered":"http:\/\/136.144.206.149\/~bimmer\/product\/m2-diffuser-competition\/"},"modified":"2024-08-24T19:20:14","modified_gmt":"2024-08-24T17:20:14","slug":"m2-diffuser-competition","status":"publish","type":"product","link":"https:\/\/bimmermasterpieces.com\/de\/produkt\/m2-diffuser-competition\/","title":{"rendered":"Bmw M2 Diffuser ,Competition'"},"content":{"rendered":"","protected":false},"excerpt":{"rendered":"<p>Neben der sehr wichtigen Funktion den Downforce zu erh\u00f6hen , sehen es echte Autoliebhaber auch aus \u00e4sthetischer Sicht als Muss dass ein reinrassiges Auto mit einem echten Diffuser ausgestattet ist.<\/p>\n<p>Offensichtlich waren die Schl\u00fcsselw\u00f6rter , harmonisch und OEM-Look ,die Grundlage f\u00fcr die Bestimmung des zur\u00fcckhaltendes Designs.<\/p>\n<p>Wegen des hohen ( und logischen ) Preises eines hohe Qualit\u00e4t Kohlefaser-Diffuser haben wir f\u00fcr das Material ABS gew\u00e4hlt , wie Original .<\/p>\n<p>Die Montage ist sehr einfach durchzuf\u00fchren ( 20 Minuten ). Passform: OEM.<\/p>\n<p><a href=\"https:\/\/www.facebook.com\/pg\/Bimmer-Masterpieces-727398880763569\/photos\/?tab=album&amp;album_id=968760489960739\" target=\"_blank\" rel=\"noopener\">F\u00fcr mehr Bilden Click hier<\/a><\/p>\n","protected":false},"featured_media":1654,"template":"","meta":{"_acf_changed":false},"product_brand":[],"product_cat":[15],"product_tag":[],"class_list":{"0":"post-1657","1":"product","2":"type-product","3":"status-publish","4":"has-post-thumbnail","6":"product_cat-geen-categorie","8":"first","9":"instock","10":"shipping-taxable","11":"purchasable","12":"product-type-simple"},"acf":[],"wcpa_form_fields":null,"_links":{"self":[{"href":"https:\/\/bimmermasterpieces.com\/de\/wp-json\/wp\/v2\/product\/1657","targetHints":{"allow":["GET"]}}],"collection":[{"href":"https:\/\/bimmermasterpieces.com\/de\/wp-json\/wp\/v2\/product"}],"about":[{"href":"https:\/\/bimmermasterpieces.com\/de\/wp-json\/wp\/v2\/types\/product"}],"wp:featuredmedia":[{"embeddable":true,"href":"https:\/\/bimmermasterpieces.com\/de\/wp-json\/wp\/v2\/media\/1654"}],"wp:attachment":[{"href":"https:\/\/bimmermasterpieces.com\/de\/wp-json\/wp\/v2\/media?parent=1657"}],"wp:term":[{"taxonomy":"product_brand","embeddable":true,"href":"https:\/\/bimmermasterpieces.com\/de\/wp-json\/wp\/v2\/product_brand?post=1657"},{"taxonomy":"product_cat","embeddable":true,"href":"https:\/\/bimmermasterpieces.com\/de\/wp-json\/wp\/v2\/product_cat?post=1657"},{"taxonomy":"product_tag","embeddable":true,"href":"https:\/\/bimmermasterpieces.com\/de\/wp-json\/wp\/v2\/product_tag?post=1657"}],"curies":[{"name":"wp","href":"https:\/\/api.w.org\/{rel}","templated":true}]}}