{"id":170,"date":"2021-10-07T14:07:08","date_gmt":"2021-10-07T12:07:08","guid":{"rendered":"http:\/\/136.144.206.149\/~bimmer\/product\/bmw-alcantara-kapuze-lci\/"},"modified":"2023-02-01T20:26:24","modified_gmt":"2023-02-01T18:26:24","slug":"bmw-alcantara-kapuze-lci","status":"publish","type":"product","link":"https:\/\/bimmermasterpieces.com\/de\/produkt\/bmw-alcantara-kapuze-lci\/","title":{"rendered":"BMW Alcantara Kapuze (LCI) CS-1M\/B"},"content":{"rendered":"","protected":false},"excerpt":{"rendered":"<h4>NOBLESSE OBLIGE<\/h4>\n<div>Die tatsache dass BMW ungef\u00e4hr 03\/2017 ein v\u00f6llig anderes und sch\u00f6neres Armaturenbrett eingef\u00fchrt hat, bedeutet nicht dass es nicht noch sch\u00f6ner und vollst\u00e4ndiger gemacht werden\u00a0 kann<\/div>\n<div>Das beweisen wir mit einem hochwertigen\u00a0 Alantara-Verdeck ,dessen Nahtbild und Nahtfarbe zum\u00a0 Interieur passen.<\/div>\n<div>Ein wichtiger zus\u00e4tzlicher Vorteil ist dass das Alcantara-Verdeck einen grossen Teil der vorhandenen grau\/braunen N\u00e4hte im Armaturenbrett abdeckt, die nicht zum Interieur passen.<\/div>\n<p>Die Passform ist OEM.<\/p>\n<p>Auch bei dieser Haube befindet sich zwischen der Kapuze dem ECHTEN Alcantara eine hochwertige , 3 mm starke , feinmaschige Schaumstoffmatte.<\/p>\n<p>Das abdecken der Kunststoffkappe mit Alcantara ist ziemlich arbeitsintensiv und erfordert wirklich altmodische Handwerkskunst.<\/p>\n<p>Die Montage kann von allen innerhalb weniger Minuten , ohne Werkzeugen , OHNE dauerhafte Sch\u00e4den durchgef\u00fchrt werden !<\/p>\n<p><a href=\"https:\/\/www.facebook.com\/pg\/Bimmermasterpieces\/photos\/?tab=album&amp;album_id=1185183174985135\" target=\"_blank\" rel=\"noopener\">F\u00fcr mehr Bilden Click hier<\/a><\/p>\n<h4>ERH\u00c4LTLICH IN 6 NAHTFARBEN ( siehe Auswahlmenu )<\/h4>\n","protected":false},"featured_media":8401016,"template":"","meta":{"_acf_changed":false},"product_brand":[],"product_cat":[],"product_tag":[],"class_list":{"0":"post-170","1":"product","2":"type-product","3":"status-publish","4":"has-post-thumbnail","7":"first","8":"instock","9":"shipping-taxable","10":"purchasable","11":"product-type-variable"},"acf":[],"wcpa_form_fields":null,"_links":{"self":[{"href":"https:\/\/bimmermasterpieces.com\/de\/wp-json\/wp\/v2\/product\/170","targetHints":{"allow":["GET"]}}],"collection":[{"href":"https:\/\/bimmermasterpieces.com\/de\/wp-json\/wp\/v2\/product"}],"about":[{"href":"https:\/\/bimmermasterpieces.com\/de\/wp-json\/wp\/v2\/types\/product"}],"wp:featuredmedia":[{"embeddable":true,"href":"https:\/\/bimmermasterpieces.com\/de\/wp-json\/wp\/v2\/media\/8401016"}],"wp:attachment":[{"href":"https:\/\/bimmermasterpieces.com\/de\/wp-json\/wp\/v2\/media?parent=170"}],"wp:term":[{"taxonomy":"product_brand","embeddable":true,"href":"https:\/\/bimmermasterpieces.com\/de\/wp-json\/wp\/v2\/product_brand?post=170"},{"taxonomy":"product_cat","embeddable":true,"href":"https:\/\/bimmermasterpieces.com\/de\/wp-json\/wp\/v2\/product_cat?post=170"},{"taxonomy":"product_tag","embeddable":true,"href":"https:\/\/bimmermasterpieces.com\/de\/wp-json\/wp\/v2\/product_tag?post=170"}],"curies":[{"name":"wp","href":"https:\/\/api.w.org\/{rel}","templated":true}]}}