{"id":1738,"date":"2021-10-11T14:01:35","date_gmt":"2021-10-11T12:01:35","guid":{"rendered":"http:\/\/136.144.206.149\/~bimmer\/product\/bmw-m2-cs-mittel-armlehne\/"},"modified":"2024-01-11T09:58:59","modified_gmt":"2024-01-11T07:58:59","slug":"bmw-m2-cs-mittel-armlehne","status":"publish","type":"product","link":"https:\/\/bimmermasterpieces.com\/de\/produkt\/bmw-m2-cs-mittel-armlehne\/","title":{"rendered":"BMW M2-CS MITTEL - ARMLEHNE"},"content":{"rendered":"<p><em>Wir verwenden nur die orginal Garnfarbe.<\/em><\/p>\n<h3>Die Meinung von unsere Kunden:<\/h3>\n<ul>\n<li>Advevo: <a title=\"Raving review by Advevo\" href=\"http:\/\/f87.bimmerpost.com\/forums\/showpost.php?p=21637523&amp;postcount=14\" target=\"_blank\" rel=\"noopener\">http:\/\/f87.bimmerpost.com\/forums\/showpost.php?p=21637523&amp;postcount=14<\/a><\/li>\n<\/ul>\n<p>Haben Sie andere Alcantara Farbe-W\u00fcnsche? Bitte schicken Sie uns ein Mailbericht: <a title=\"Mail us\" href=\"mailto:info@bimmermasterpieces.com\">info@bimmermasterpieces.com<\/a><\/p>\n<ul>\n<li>Made in the Netherlands<\/li>\n<\/ul>\n","protected":false},"excerpt":{"rendered":"<p>Der BMW M2-CS ist serienm\u00e4ssig nicht mit einer Mittel - Armlehne ausgestattet und in der Optionsliste wird dieser Artikel nicht erw\u00e4hnt. F\u00fcr die Besitzer eines CS , die mit ihrem Auto gr\u00f6ssenteils auf \u00f6ffentlichen Strassen unterwegs sind und auch l\u00e4ngere Fahrten unternehmen , ist das Fehlen einer bequemen Mittelarmlehne ein Mangel. Track-Days Teilnehmer k\u00f6nnen die Mittelarmlehne-Einheit auf Wunsch innerhalb von Minuten leicht entfernen.<\/p>\n<ul>\n<li>Plug&amp;Play ( Klicksystem ), ohne Besch\u00e4digung !!, in 10 Minuten.<\/li>\n<li>Die Mittel-Armlehne + Konsole wird , wie dargestellt, als 1 Einheit geliefert.<\/li>\n<li>Horizontale Position der Mittelarmlehne stufenlos einstellbar.Einstellbereich: 6 cm.<\/li>\n<li>L\u00e4ngen - und H\u00f6henkoordinaten der Mittel-Armlehne gleich M2 \/ M2 Competition.<\/li>\n<\/ul>\n<div class=\"elementToProof\">Im Verkaufpreis sind ein Kaufpreis von \u20ac320,- f\u00fcr die Orginal BMW Alcantara CS Mittelkonsolonabdeckung , sowie \u20ac25 zus\u00e4tzliche Frachtkosten aufgrund der Paketl\u00e4nge enthalten !<\/div>\n<div class=\"elementToProof\">F\u00fcr diejenigen die in einem der EU-L\u00e4nder wohnen , ist es attraktiv uns eine eigene\u00a0Mittelkonsolenabdeckung zuzusenden.<\/div>\n<div class=\"elementToProof\">Eine Gutschrift von \u20ac320,- erfolgt.<\/div>\n<p><a href=\"https:\/\/www.facebook.com\/media\/set\/?set=a.1796782790491834&amp;type=3\" target=\"_blank\" rel=\"noopener\">F\u00fcr mehr Bilder Click hier<\/a><\/p>\n<h4>verschiedene Auswahlm\u00f6glichkeiten ( siehe Auswahlmenu )<\/h4>\n","protected":false},"featured_media":1719,"template":"","meta":{"_acf_changed":false},"product_brand":[],"product_cat":[],"product_tag":[],"class_list":{"0":"post-1738","1":"product","2":"type-product","3":"status-publish","4":"has-post-thumbnail","7":"first","8":"instock","9":"shipping-taxable","10":"purchasable","11":"product-type-variable"},"acf":[],"wcpa_form_fields":null,"_links":{"self":[{"href":"https:\/\/bimmermasterpieces.com\/de\/wp-json\/wp\/v2\/product\/1738","targetHints":{"allow":["GET"]}}],"collection":[{"href":"https:\/\/bimmermasterpieces.com\/de\/wp-json\/wp\/v2\/product"}],"about":[{"href":"https:\/\/bimmermasterpieces.com\/de\/wp-json\/wp\/v2\/types\/product"}],"wp:featuredmedia":[{"embeddable":true,"href":"https:\/\/bimmermasterpieces.com\/de\/wp-json\/wp\/v2\/media\/1719"}],"wp:attachment":[{"href":"https:\/\/bimmermasterpieces.com\/de\/wp-json\/wp\/v2\/media?parent=1738"}],"wp:term":[{"taxonomy":"product_brand","embeddable":true,"href":"https:\/\/bimmermasterpieces.com\/de\/wp-json\/wp\/v2\/product_brand?post=1738"},{"taxonomy":"product_cat","embeddable":true,"href":"https:\/\/bimmermasterpieces.com\/de\/wp-json\/wp\/v2\/product_cat?post=1738"},{"taxonomy":"product_tag","embeddable":true,"href":"https:\/\/bimmermasterpieces.com\/de\/wp-json\/wp\/v2\/product_tag?post=1738"}],"curies":[{"name":"wp","href":"https:\/\/api.w.org\/{rel}","templated":true}]}}