{"id":1838,"date":"2021-10-11T14:44:28","date_gmt":"2021-10-11T12:44:28","guid":{"rendered":"http:\/\/136.144.206.149\/~bimmer\/product\/harman-kardon-carbon-fiber\/"},"modified":"2024-08-24T19:14:47","modified_gmt":"2024-08-24T17:14:47","slug":"harman-kardon-carbon-fiber","status":"publish","type":"product","link":"https:\/\/bimmermasterpieces.com\/de\/produkt\/harman-kardon-carbon-fiber\/","title":{"rendered":"Bmw Harman Kardon Carbon-Fiber"},"content":{"rendered":"","protected":false},"excerpt":{"rendered":"<p>Die Pr\u00e4zenz der High-Quality-Audiomarke Harmam Kardon tr\u00e4gt wesentlich zum Innenraumniveau eines BMW bei.<\/p>\n<p>Um dies zu optimieren haben wir ein wundersch\u00f6nes und auff\u00e4lliges offenporiges Harman Kardon Carbon-fiber Geh\u00e4use entwickelt.<\/p>\n<p>Insider und Hersteller von Carbon-fiberprodukten sind sich bewusst , dass die Herstellung einer solch , relativ kleinen, komplexen Form eine sehr schwierige Herausforderung ist , und sicherlich wenn OEM die Norm sein sollte.<\/p>\n<p>Wenn in Ihrem BMW ein Standard-Audiosystem eingebaut ist , k\u00f6nnen diese Lautsprecher einfach durch unsere Harman Kardon Carbon-fiber Einheiten ersetzt werden.<\/p>\n<p>Aufgrund des komplexen Aufbaus der Harman Kardon Einheit , liefern wir dieses Produkt komplett und als ORIGINAL Harman Kardon.Plug and play.<\/p>\n<p>Der Preis ist pro Satz von zwei.<\/p>\n<p><a href=\"https:\/\/www.facebook.com\/pg\/Bimmer-Masterpieces-727398880763569\/photos\/?tab=album&amp;album_id=1391903997646384\" target=\"_blank\" rel=\"noopener\">CLICK F\u00dcR MEHR FOTOS<\/a><\/p>\n","protected":false},"featured_media":1836,"template":"","meta":{"_acf_changed":false},"product_brand":[],"product_cat":[],"product_tag":[],"class_list":{"0":"post-1838","1":"product","2":"type-product","3":"status-publish","4":"has-post-thumbnail","7":"first","8":"instock","9":"shipping-taxable","10":"purchasable","11":"product-type-simple"},"acf":[],"wcpa_form_fields":null,"_links":{"self":[{"href":"https:\/\/bimmermasterpieces.com\/de\/wp-json\/wp\/v2\/product\/1838","targetHints":{"allow":["GET"]}}],"collection":[{"href":"https:\/\/bimmermasterpieces.com\/de\/wp-json\/wp\/v2\/product"}],"about":[{"href":"https:\/\/bimmermasterpieces.com\/de\/wp-json\/wp\/v2\/types\/product"}],"wp:featuredmedia":[{"embeddable":true,"href":"https:\/\/bimmermasterpieces.com\/de\/wp-json\/wp\/v2\/media\/1836"}],"wp:attachment":[{"href":"https:\/\/bimmermasterpieces.com\/de\/wp-json\/wp\/v2\/media?parent=1838"}],"wp:term":[{"taxonomy":"product_brand","embeddable":true,"href":"https:\/\/bimmermasterpieces.com\/de\/wp-json\/wp\/v2\/product_brand?post=1838"},{"taxonomy":"product_cat","embeddable":true,"href":"https:\/\/bimmermasterpieces.com\/de\/wp-json\/wp\/v2\/product_cat?post=1838"},{"taxonomy":"product_tag","embeddable":true,"href":"https:\/\/bimmermasterpieces.com\/de\/wp-json\/wp\/v2\/product_tag?post=1838"}],"curies":[{"name":"wp","href":"https:\/\/api.w.org\/{rel}","templated":true}]}}