{"id":1856,"date":"2021-10-11T14:53:15","date_gmt":"2021-10-11T12:53:15","guid":{"rendered":"http:\/\/136.144.206.149\/~bimmer\/product\/turoffner-mit-dekorativer-abdeckung-aus-carbon-fiber\/"},"modified":"2025-02-04T13:24:36","modified_gmt":"2025-02-04T11:24:36","slug":"turoffner-mit-dekorativer-abdeckung-aus-carbon-fiber","status":"publish","type":"product","link":"https:\/\/bimmermasterpieces.com\/de\/produkt\/turoffner-mit-dekorativer-abdeckung-aus-carbon-fiber\/","title":{"rendered":"Bmw T\u00fcr\u00f6ffner Mit Dekorativer Abdeckung Aus Carbon-Fiber"},"content":{"rendered":"","protected":false},"excerpt":{"rendered":"<p>In Bezug auf das Design bilden das Armaturenbrett und die T\u00fcrverkleidung eine untrennbare Einheit. Das ersetzen eines sichtbaren Kunststoffteils durch eine Carbon-Fiberversion sorgt effektiv f\u00fcr ein Upgrade und damit f\u00fcr ein st\u00e4rkeres Premium-Erlebnis. Wie Sie sehen k\u00f6nnen , stimmt die Carbon-Fiber-Linie des T\u00fcrgriffs \u00fcberein. Der Austausch ( 10 Minuten ) ist sehr einfach.<\/p>\n<p>Der Preis ist pro Set von 2<\/p>\n","protected":false},"featured_media":1853,"template":"","meta":{"_acf_changed":false},"product_brand":[],"product_cat":[],"product_tag":[],"class_list":{"0":"post-1856","1":"product","2":"type-product","3":"status-publish","4":"has-post-thumbnail","7":"first","8":"instock","9":"shipping-taxable","10":"purchasable","11":"product-type-simple"},"acf":[],"wcpa_form_fields":null,"_links":{"self":[{"href":"https:\/\/bimmermasterpieces.com\/de\/wp-json\/wp\/v2\/product\/1856","targetHints":{"allow":["GET"]}}],"collection":[{"href":"https:\/\/bimmermasterpieces.com\/de\/wp-json\/wp\/v2\/product"}],"about":[{"href":"https:\/\/bimmermasterpieces.com\/de\/wp-json\/wp\/v2\/types\/product"}],"wp:featuredmedia":[{"embeddable":true,"href":"https:\/\/bimmermasterpieces.com\/de\/wp-json\/wp\/v2\/media\/1853"}],"wp:attachment":[{"href":"https:\/\/bimmermasterpieces.com\/de\/wp-json\/wp\/v2\/media?parent=1856"}],"wp:term":[{"taxonomy":"product_brand","embeddable":true,"href":"https:\/\/bimmermasterpieces.com\/de\/wp-json\/wp\/v2\/product_brand?post=1856"},{"taxonomy":"product_cat","embeddable":true,"href":"https:\/\/bimmermasterpieces.com\/de\/wp-json\/wp\/v2\/product_cat?post=1856"},{"taxonomy":"product_tag","embeddable":true,"href":"https:\/\/bimmermasterpieces.com\/de\/wp-json\/wp\/v2\/product_tag?post=1856"}],"curies":[{"name":"wp","href":"https:\/\/api.w.org\/{rel}","templated":true}]}}