{"id":1900,"date":"2021-10-12T08:38:10","date_gmt":"2021-10-12T06:38:10","guid":{"rendered":"http:\/\/136.144.206.149\/~bimmer\/product\/carbon-fiber-schotter-neutralisator\/"},"modified":"2024-08-24T19:11:32","modified_gmt":"2024-08-24T17:11:32","slug":"carbon-fiber-schotter-neutralisator","status":"publish","type":"product","link":"https:\/\/bimmermasterpieces.com\/de\/produkt\/carbon-fiber-schotter-neutralisator\/","title":{"rendered":"Bmw Carbon Fiber Schotter-Neutralisator"},"content":{"rendered":"","protected":false},"excerpt":{"rendered":"<p>Funktion &amp; Design: Carbon Fiber Schotter-Neutralisator.<\/p>\n<p>Die transparante Folie auf den breiten hinteren Kotfl\u00fcgeln des M2 soll von BMW verhindern dass Steinschl\u00e4ge von den Vorderr\u00e4dern ernsthafte Lacksch\u00e4den verursachen.<\/p>\n<p>In der Praxis erweist sich dies zu 85% als ad\u00e4quate L\u00f6sung.Leider jedoch erreichen Steine teilweise immer noch den ungesch\u00fctzten Stellen und verursachen gelegentlich Lacksch\u00e4den den in dieser Hinsicht.<\/p>\n<p>Schwerere Steine ( viel kinetische Energie ) besch\u00e1digen und durchboren manchmal den Schutzfilm und noch schlimmer die darunter liegende Farbschicht , was manchmal zu Rost f\u00fchrt.<\/p>\n<p>Die Kosten f\u00fcr das erneute Aufbringen der Originalfolie betragen: \u20ac 128 + 3 Werkstattstunden. Um auch Lacksch\u00e4den reparieren zu m\u00fcssen , muss ein Gesammtkosten-Posten von za \u20ac 900 ber\u00fccksichtigt werden. Um das oben Beschriebene zu verhindern haben wir das ,, B\u00f6se \" an der Quelle bek\u00e4mft, indem wir einen festen SCHOTTER -NEUTRALISATOR aus Carbon Fiber und Polyethylen entwickelt haben.<\/p>\n<p><a href=\"https:\/\/www.facebook.com\/pg\/Bimmermasterpieces\/photos\/?tab=album&amp;album_id=1536305263206256\" target=\"_blank\" rel=\"noopener\">F\u00fcr mehr Bilden Click hier<\/a><\/p>\n<p>Technik<\/p>\n<p>In Bezug auf das beiliegende Fotomaterial k\u00f6nnen Sie den Schluss ziehen dass wir innen ein Profil angebracht haben um eine schnelle Wasserableitung zu optimieren.<\/p>\n<p>Das Produkt ist nicht mit einer Hochglanzlackschicht versehen , da in der Praxis festgestellt wurde dass diese Lackschicht sehr schnell besch\u00e4digt wurde.<\/p>\n<p>Installation<\/p>\n<p>Die Installation ist sehr einfach und unter Verwendung der urspr\u00fcnglichen 5 mm L\u00f6cher!<\/p>\n<p>Ausserdem original doppelseitiges BMW Klebeband ( siehe Foto ) innen aufgetragen.<\/p>\n<p>Alle Montagematerialien , sowie ein Blatt mit Montageanleitung sind enthalten.<\/p>\n<p>Preis pro set<\/p>\n","protected":false},"featured_media":1897,"template":"","meta":{"_acf_changed":false},"product_brand":[],"product_cat":[15],"product_tag":[],"class_list":{"0":"post-1900","1":"product","2":"type-product","3":"status-publish","4":"has-post-thumbnail","6":"product_cat-geen-categorie","8":"first","9":"instock","10":"shipping-taxable","11":"purchasable","12":"product-type-simple"},"acf":[],"wcpa_form_fields":null,"_links":{"self":[{"href":"https:\/\/bimmermasterpieces.com\/de\/wp-json\/wp\/v2\/product\/1900","targetHints":{"allow":["GET"]}}],"collection":[{"href":"https:\/\/bimmermasterpieces.com\/de\/wp-json\/wp\/v2\/product"}],"about":[{"href":"https:\/\/bimmermasterpieces.com\/de\/wp-json\/wp\/v2\/types\/product"}],"wp:featuredmedia":[{"embeddable":true,"href":"https:\/\/bimmermasterpieces.com\/de\/wp-json\/wp\/v2\/media\/1897"}],"wp:attachment":[{"href":"https:\/\/bimmermasterpieces.com\/de\/wp-json\/wp\/v2\/media?parent=1900"}],"wp:term":[{"taxonomy":"product_brand","embeddable":true,"href":"https:\/\/bimmermasterpieces.com\/de\/wp-json\/wp\/v2\/product_brand?post=1900"},{"taxonomy":"product_cat","embeddable":true,"href":"https:\/\/bimmermasterpieces.com\/de\/wp-json\/wp\/v2\/product_cat?post=1900"},{"taxonomy":"product_tag","embeddable":true,"href":"https:\/\/bimmermasterpieces.com\/de\/wp-json\/wp\/v2\/product_tag?post=1900"}],"curies":[{"name":"wp","href":"https:\/\/api.w.org\/{rel}","templated":true}]}}