{"id":2029,"date":"2021-10-12T09:20:00","date_gmt":"2021-10-12T07:20:00","guid":{"rendered":"http:\/\/136.144.206.149\/~bimmer\/product\/luftungsschlitze\/"},"modified":"2024-08-24T19:10:14","modified_gmt":"2024-08-24T17:10:14","slug":"luftungsschlitze","status":"publish","type":"product","link":"https:\/\/bimmermasterpieces.com\/de\/produkt\/luftungsschlitze\/","title":{"rendered":"Bmw L\u00dcFTUNGSSCHLITZE"},"content":{"rendered":"","protected":false},"excerpt":{"rendered":"<p><strong>L\u00dcFTUNGSSCHLITZE MIT CARBON FIBER<\/strong><\/p>\n<p>Das optionale Innenpaket M Performance Carbon Fiber f\u00fcr den M2 Competition , sowie das F21 LCI , F22 LCI besteht aus 4 Teilen , w\u00e4hrend das gleiche Paket f\u00fcr das M2 pre LCI , das F21 pre LCI und das F22 pre LCI aus 6 Teilen besteht , also einschliesslich 2 L\u00fcftungsschlitze.<\/p>\n<p>Aufgrund des sehr zerbrechlichen 90-Grad-Winkels ( siehe Foto ) ist es schwierig herzustellen und daher weniger geeignet f\u00fcr die Herstellung grosser St\u00fcckzahlen , was wahrscheinlich das Fehlen erkl\u00e4rt.<\/p>\n<p>Zus\u00e4tzlich liefern wir die fehlenden L\u00fcftungsschlitze mit Carbon Fiber um das Design des Armaturenbretts zu vervollst\u00e4ndigen<\/p>\n<p><a href=\"https:\/\/www.facebook.com\/media\/set?vanity=Bimmermasterpieces&amp;set=a.1828047630698683\" target=\"_blank\" rel=\"noopener\">KLICKEN SIE HIER F\u00dcR GR\u00d6SSERE FOTOS<\/a><\/p>\n<p>Der Preis ist pro Set von 2<\/p>\n","protected":false},"featured_media":2014,"template":"","meta":{"_acf_changed":false},"product_brand":[],"product_cat":[15],"product_tag":[],"class_list":{"0":"post-2029","1":"product","2":"type-product","3":"status-publish","4":"has-post-thumbnail","6":"product_cat-geen-categorie","8":"first","9":"instock","10":"shipping-taxable","11":"purchasable","12":"product-type-variable"},"acf":[],"wcpa_form_fields":null,"_links":{"self":[{"href":"https:\/\/bimmermasterpieces.com\/de\/wp-json\/wp\/v2\/product\/2029","targetHints":{"allow":["GET"]}}],"collection":[{"href":"https:\/\/bimmermasterpieces.com\/de\/wp-json\/wp\/v2\/product"}],"about":[{"href":"https:\/\/bimmermasterpieces.com\/de\/wp-json\/wp\/v2\/types\/product"}],"wp:featuredmedia":[{"embeddable":true,"href":"https:\/\/bimmermasterpieces.com\/de\/wp-json\/wp\/v2\/media\/2014"}],"wp:attachment":[{"href":"https:\/\/bimmermasterpieces.com\/de\/wp-json\/wp\/v2\/media?parent=2029"}],"wp:term":[{"taxonomy":"product_brand","embeddable":true,"href":"https:\/\/bimmermasterpieces.com\/de\/wp-json\/wp\/v2\/product_brand?post=2029"},{"taxonomy":"product_cat","embeddable":true,"href":"https:\/\/bimmermasterpieces.com\/de\/wp-json\/wp\/v2\/product_cat?post=2029"},{"taxonomy":"product_tag","embeddable":true,"href":"https:\/\/bimmermasterpieces.com\/de\/wp-json\/wp\/v2\/product_tag?post=2029"}],"curies":[{"name":"wp","href":"https:\/\/api.w.org\/{rel}","templated":true}]}}