{"id":2133,"date":"2021-10-07T14:00:58","date_gmt":"2021-10-07T14:33:58","guid":{"rendered":"http:\/\/136.144.206.149\/~bimmer\/product\/bmw-alcantara-kapuze\/"},"modified":"2023-01-30T18:09:24","modified_gmt":"2023-01-30T16:09:24","slug":"bmw-alcantara-kapuze","status":"publish","type":"product","link":"https:\/\/bimmermasterpieces.com\/de\/produkt\/bmw-alcantara-kapuze\/","title":{"rendered":"BMW Alcantara Kapuze"},"content":{"rendered":"<p>Aus diesem Grund haben wir eine ins Auge fallende Tacho\/Drehzahlmesser Kapuze, verkleidet mit hochwertigem Alcantara oder leder, hergestellt. Die Optik der Alcantaraverkleidung sorgt daf\u00fcr, dass der Innenraum viel edler und schnittiger aussieht und sich dadurch viel st\u00e4rker vom Basismodell der 2er Serie unterscheidet. Zus\u00e4tzlich bieten wir f\u00fcr die 1er und 2er Reihe auch eine mit Alcantara oder Leder verkleidete Abdeckung an (siehe Fotos), sowie unz\u00e4hlige anderer, hochwertiger Premium-items (siehe unsere Website), die perfekt mit der bestehenden Innnenaustattung harmonieren und hierdurch f\u00fcr ein starke Upgrade sorgen.<\/p>\n<p>Produktinformation:<\/p>\n<figure><img loading=\"lazy\" decoding=\"async\" src=\"https:\/\/bimmermasterpieces.com\/wp-content\/uploads\/2021\/10\/Zwartekapachterbewerkt-1klein.jpg\" width=\"250\" height=\"250\" \/> <img loading=\"lazy\" decoding=\"async\" src=\"https:\/\/bimmermasterpieces.com\/wp-content\/uploads\/2021\/10\/DSC0909.jpg\" width=\"250\" height=\"250\" \/><figcaption>Kunststof - Kapuze , fertig f\u00fcr die Polsterei<\/figcaption><\/figure>\n<p>&nbsp;<\/p>\n<p>Die Abdeckung besteht aus hochwertigem Kunststoff. Verformungen treten erst bei Temperaturen von ca. 92 Grad Celsius auf. Die Abdeckung ist mit Alcantara der Klasse 1 beschichtet. Dabei handelt es sich um das Alcantara, das auch von BMW verwendet wird. Die Alcantara-Farbe entspricht ebenfalls der Farbe, die von BMW verwendet wird. Zusammenfassend handelt es sich hierbei um einen Produkttyp, der die Werkstandards erf\u00fcllt.<\/p>\n<p>Montage: Die Form der Abdeckung wurde so konzipiert, dass die Montage durch jede Person durchgef\u00fchrt werden kann. Durch die besondere Form des Deckels bleibt die Abdeckung aufgrund einer sogenannten Klemmpassung in der vorgesehenen Position. Hilfsmittel wie etwa Leim etc, dank des aufstehenden Randes, werden nicht verwendet. Ferner sollten Sie wissen, dass unsere Kappe wegen der Anwesenheit einer tieferliegenden \u201eRille\u201c um die Abdeckung im originalen Dashboard dort \u201eeinrastet\u201c und damit ein perfekter Anschluss entsteht. Die Montage wie auch die Demontage <span class=\"highlight\">dauert nur 10 Minuten<\/span>. Eine wichtige Information f\u00fcr Sie ist, dass die Abdeckung keine Spuren hinterl\u00e4sst.<\/p>\n<ul>\n<li>Die Alcantara-farbe von das Performance-lenkrad ist <strong>Schwarz<\/strong> und stimmt nicht \u00fcberein mit die Alcantara-farbe (Schwarz\/grau) der man in die 1 er under 2 er verwendet!<\/li>\n<li><strong>Das Armaturenbrett von der M2, 1 Serie (F-Model) und 2 Serie ist identisch.<\/strong><\/li>\n<li><em>Wir verwenden nur die orginal Garnfarbe.<\/em><\/li>\n<li>Wir verwenden nur das gleiche Leder wie original<\/li>\n<li><strong>Auch lieferbar f\u00fcr Rechtslenker- Ausf\u00fchrung<\/strong><\/li>\n<li>Nur geeignet f\u00fcr Modellen bis juni 2017<\/li>\n<li>Alle Kapuze modellen bieten wir auch mit weisse, rote oder schwarzer Garn an ( Schick uns ein Mail )<\/li>\n<li>Made in the Netherlands<\/li>\n<\/ul>\n<h3>Die Meinung von unsere Kunden:<\/h3>\n<ul>\n<li>ROMEO: <a title=\"Raving review by ROMEO\" href=\"http:\/\/f87.bimmerpost.com\/forums\/showthread.php?t=1390157\" target=\"_blank\" rel=\"noopener\">http:\/\/f87.bimmerpost.com\/forums\/showthread.php?t=1390157<\/a><\/li>\n<li>MerlinPurple: <a title=\"Awesome review by MerlinPurple\" href=\"http:\/\/f87.bimmerpost.com\/forums\/showpost.php?p=21692703&amp;postcount=14\" target=\"_blank\" rel=\"noopener\">http:\/\/f87.bimmerpost.com\/forums\/showpost.php?p=21692703&amp;postcount=14<\/a><\/li>\n<li>PhiL: <a title=\"Great review by PhiL\" href=\"http:\/\/f87.bimmerpost.com\/forums\/showpost.php?p=21749640&amp;postcount=58\" target=\"_blank\" rel=\"noopener\">http:\/\/f87.bimmerpost.com\/forums\/showpost.php?p=21749640&amp;postcount=58<\/a><\/li>\n<\/ul>\n<p>Haben Sie andere Alcantara Farbe-W\u00fcnsche? Bitte schicken Sie uns ein Mailbericht: <a title=\"Mail us\" href=\"mailto:info@bimmermasterpieces.com\">info@bimmermasterpieces.com<\/a><\/p>\n","protected":false},"excerpt":{"rendered":"<h4>Mit einem Augenzwinkern wird auf den BMW 1M.<\/h4>\n<p>Der Innenraum des M2 ist mit Ausnahme einiger Karbon-Teile nahezu mit dem Basismodell der 2er Reihe identisch. Beim BMW 1er M und beim M3\/M4 ist das nicht der Fall. Die Premium-Austrahlung der Innenausstattung, die man vom M2 erwartet hatte, is laut vielen BMW-Forum-Mitgliedern sowie Autojournalisten leider ausgeblieben.<\/p>\n<p><a href=\"https:\/\/www.facebook.com\/pg\/Bimmer-Masterpieces-727398880763569\/photos\/?tab=album&amp;album_id=727399360763521\" target=\"_blank\" rel=\"noopener\">F\u00fcr mehr Bilden Click hier<\/a><\/p>\n<h4>verschiedene Auswahlm\u00f6glichkeiten ( siehe Auswahlmenu )<\/h4>\n","protected":false},"featured_media":262,"template":"","meta":{"_acf_changed":false},"product_brand":[],"product_cat":[],"product_tag":[],"class_list":{"0":"post-2133","1":"product","2":"type-product","3":"status-publish","4":"has-post-thumbnail","7":"first","8":"instock","9":"shipping-taxable","10":"purchasable","11":"product-type-variable"},"acf":[],"wcpa_form_fields":null,"_links":{"self":[{"href":"https:\/\/bimmermasterpieces.com\/de\/wp-json\/wp\/v2\/product\/2133","targetHints":{"allow":["GET"]}}],"collection":[{"href":"https:\/\/bimmermasterpieces.com\/de\/wp-json\/wp\/v2\/product"}],"about":[{"href":"https:\/\/bimmermasterpieces.com\/de\/wp-json\/wp\/v2\/types\/product"}],"wp:featuredmedia":[{"embeddable":true,"href":"https:\/\/bimmermasterpieces.com\/de\/wp-json\/wp\/v2\/media\/262"}],"wp:attachment":[{"href":"https:\/\/bimmermasterpieces.com\/de\/wp-json\/wp\/v2\/media?parent=2133"}],"wp:term":[{"taxonomy":"product_brand","embeddable":true,"href":"https:\/\/bimmermasterpieces.com\/de\/wp-json\/wp\/v2\/product_brand?post=2133"},{"taxonomy":"product_cat","embeddable":true,"href":"https:\/\/bimmermasterpieces.com\/de\/wp-json\/wp\/v2\/product_cat?post=2133"},{"taxonomy":"product_tag","embeddable":true,"href":"https:\/\/bimmermasterpieces.com\/de\/wp-json\/wp\/v2\/product_tag?post=2133"}],"curies":[{"name":"wp","href":"https:\/\/api.w.org\/{rel}","templated":true}]}}