{"id":231,"date":"2021-10-07T15:46:58","date_gmt":"2021-10-07T13:46:58","guid":{"rendered":"http:\/\/136.144.206.149\/~bimmer\/product\/bmw-carbonfaser-kapuze-lci\/"},"modified":"2022-06-28T10:09:52","modified_gmt":"2022-06-28T08:09:52","slug":"bmw-carbonfaser-kapuze-lci","status":"publish","type":"product","link":"https:\/\/bimmermasterpieces.com\/de\/produkt\/bmw-carbonfaser-kapuze-lci\/","title":{"rendered":"BMW Carbonfaser Kapuze (LCI)"},"content":{"rendered":"","protected":false},"excerpt":{"rendered":"<h4>DIE FEHLENDE ,, KRONE \"<\/h4>\n<p>Der Innenraum des M2 ist reichlich mit Carbonfiber ausgestattet , aber aus unserer Sicht sollte die ,, KRONE \" nicht fehlen.<\/p>\n<p>Die Konturen des tieferliegende Mittelteils der Geh\u00e4useoberseite des Kombi-Instruments haben uns dazu inspiriert ein hochwertiges und harmonisches Design einer sch\u00f6nen und zur\u00fcckhaltendes carbonfiber-Kapuze f\u00fcr das LCI Armaturenbretts zu erreichen.<\/p>\n<p>Die Passform ist OEM.<\/p>\n<p>Die Montage kann von allen innerhalb weniger Minuten , ohne Werkzeugen , OHNE dauerhafte Sch\u00e4den durchgef\u00fchrt werden !<\/p>\n<p><a href=\"https:\/\/www.facebook.com\/pg\/Bimmermasterpieces\/photos\/?tab=album&amp;album_id=1320540544782730\" target=\"_blank\" rel=\"noopener\">F\u00fcr mehr Bilden Click hier<\/a><\/p>\n<p>Aufgrund der sehr hohen Entwicklungs-und Schablonekosten einerseits und der relativ viel geringeren Anzahl von Rechtslenker andererseits , lassen wir die Entwicklung einer Kapuze f\u00fcr Rechtslenker von der Anzahl der ( \u00fcberzeugende ) E-Mails abh\u00e4ngen die wir dazu erhalten ( dies verpflichtet Sie dazu nichts !! )<\/p>\n<h4>verschiedene Auswahlm\u00f6glichkeiten ( siehe Auswahlmenu )<\/h4>\n","protected":false},"featured_media":223,"template":"","meta":{"_acf_changed":false},"product_brand":[],"product_cat":[15],"product_tag":[],"class_list":{"0":"post-231","1":"product","2":"type-product","3":"status-publish","4":"has-post-thumbnail","6":"product_cat-geen-categorie","8":"first","9":"instock","10":"shipping-taxable","11":"purchasable","12":"product-type-variable"},"acf":[],"wcpa_form_fields":null,"_links":{"self":[{"href":"https:\/\/bimmermasterpieces.com\/de\/wp-json\/wp\/v2\/product\/231","targetHints":{"allow":["GET"]}}],"collection":[{"href":"https:\/\/bimmermasterpieces.com\/de\/wp-json\/wp\/v2\/product"}],"about":[{"href":"https:\/\/bimmermasterpieces.com\/de\/wp-json\/wp\/v2\/types\/product"}],"wp:featuredmedia":[{"embeddable":true,"href":"https:\/\/bimmermasterpieces.com\/de\/wp-json\/wp\/v2\/media\/223"}],"wp:attachment":[{"href":"https:\/\/bimmermasterpieces.com\/de\/wp-json\/wp\/v2\/media?parent=231"}],"wp:term":[{"taxonomy":"product_brand","embeddable":true,"href":"https:\/\/bimmermasterpieces.com\/de\/wp-json\/wp\/v2\/product_brand?post=231"},{"taxonomy":"product_cat","embeddable":true,"href":"https:\/\/bimmermasterpieces.com\/de\/wp-json\/wp\/v2\/product_cat?post=231"},{"taxonomy":"product_tag","embeddable":true,"href":"https:\/\/bimmermasterpieces.com\/de\/wp-json\/wp\/v2\/product_tag?post=231"}],"curies":[{"name":"wp","href":"https:\/\/api.w.org\/{rel}","templated":true}]}}