{"id":8400882,"date":"2022-09-06T10:59:16","date_gmt":"2022-09-06T08:59:16","guid":{"rendered":"https:\/\/bimmermasterpieces.com\/carbon-fiber\/"},"modified":"2025-10-21T14:05:19","modified_gmt":"2025-10-21T12:05:19","slug":"carbon-fiber","status":"publish","type":"product","link":"https:\/\/bimmermasterpieces.com\/de\/produkt\/carbon-fiber\/","title":{"rendered":"Bmw Carbon Fiber T\u00fcr\u00f6ffner"},"content":{"rendered":"","protected":false},"excerpt":{"rendered":"<p>Der Aluminium T\u00fcr\u00f6ffner ist seit Jahren eine feste Designwahl f\u00fcr viele Automarken und sicherlich f\u00fcr BMW.<br \/>\nAuch bei den M Modellen. Aber ist es auch ein dynamisches und ,, Racy\" Design ?<br \/>\nDas Urteil liegt bei Ihnen.<\/p>\n<ul>\n<li>Nicht kombinierbar mit unserem CF dekorativer Abdeckung T\u00fcr\u00f6ffner.<\/li>\n<li>Einfache Montage ( 10 Minuten ).<\/li>\n<li>T\u00fcrgriff hinten identisch<\/li>\n<\/ul>\n<p>Der Preis ist pro Set von 2<\/p>\n","protected":false},"featured_media":8400864,"template":"","meta":{"_acf_changed":false},"product_brand":[],"product_cat":[],"product_tag":[],"class_list":{"0":"post-8400882","1":"product","2":"type-product","3":"status-publish","4":"has-post-thumbnail","7":"first","8":"instock","9":"shipping-taxable","10":"purchasable","11":"product-type-simple"},"acf":[],"wcpa_form_fields":null,"_links":{"self":[{"href":"https:\/\/bimmermasterpieces.com\/de\/wp-json\/wp\/v2\/product\/8400882","targetHints":{"allow":["GET"]}}],"collection":[{"href":"https:\/\/bimmermasterpieces.com\/de\/wp-json\/wp\/v2\/product"}],"about":[{"href":"https:\/\/bimmermasterpieces.com\/de\/wp-json\/wp\/v2\/types\/product"}],"wp:featuredmedia":[{"embeddable":true,"href":"https:\/\/bimmermasterpieces.com\/de\/wp-json\/wp\/v2\/media\/8400864"}],"wp:attachment":[{"href":"https:\/\/bimmermasterpieces.com\/de\/wp-json\/wp\/v2\/media?parent=8400882"}],"wp:term":[{"taxonomy":"product_brand","embeddable":true,"href":"https:\/\/bimmermasterpieces.com\/de\/wp-json\/wp\/v2\/product_brand?post=8400882"},{"taxonomy":"product_cat","embeddable":true,"href":"https:\/\/bimmermasterpieces.com\/de\/wp-json\/wp\/v2\/product_cat?post=8400882"},{"taxonomy":"product_tag","embeddable":true,"href":"https:\/\/bimmermasterpieces.com\/de\/wp-json\/wp\/v2\/product_tag?post=8400882"}],"curies":[{"name":"wp","href":"https:\/\/api.w.org\/{rel}","templated":true}]}}