{"id":1179,"date":"2021-10-09T08:22:08","date_gmt":"2021-10-09T06:22:08","guid":{"rendered":"http:\/\/136.144.206.149\/~bimmer\/product\/grille-daeration-alcantara-panneau-console-centre\/"},"modified":"2024-08-24T19:33:51","modified_gmt":"2024-08-24T17:33:51","slug":"grille-daeration-alcantara-panneau-console-centre","status":"publish","type":"product","link":"https:\/\/bimmermasterpieces.com\/fr\/produit\/grille-daeration-alcantara-panneau-console-centre\/","title":{"rendered":"Bmw Grille d'aeration + Alcantara Panneau Console Centre"},"content":{"rendered":"<p>Depuis d\u00e9j\u00e0 un certain temps, les meilleurs \u00e9vents d\u2019air \u00e9quip\u00e9 d\u2019un cadrage de recouvrementAlcantara font partie de notre programme de fourniture.<\/p>\n<p>Toutefois, nous avons constat\u00e9 que la conception de la section m\u00e9diane de tableau de bord a \u00e9t\u00e9 incompl\u00e8te.C\u2019est pourquoi nous vendons maintenant \u00e9galement l\u2019\u00e9vent inf\u00e9rieur, \u00e9galement recouverts d\u2019Alcantara.<\/p>\n<p>Cela cr\u00e9e \u00e9galement l\u2019image \u00e9quilibr\u00e9e du panneau noir \u00e0 haute brillance de la radio\/AC qui est fix\u00e9 entre les composants d\u2019Alcantara.<\/p>\n<p>En r\u00e9alit\u00e9, cette combinaison donne une agr\u00e9able stimulation plaisante de la conception, ainsi que d\u2019une r\u00e9duction de la quantit\u00e9 de plastique dans l\u2019int\u00e9rieur.<\/p>\n<p>Original: <img decoding=\"async\" src=\"https:\/\/bimmermasterpieces.com\/wp-content\/uploads\/2021\/10\/BMW-M2-interior-011.jpg\" \/><\/p>\n<ul>\n<li>Le fil utilis\u00e9 est du type brillant.<\/li>\n<li><em>Nous employer le original couleur du lin ( fil ).<\/em><\/li>\n<li>Le montage est tr\u00e8s simple et ne prend que 20 minutes.<\/li>\n<li>\u00c9galement disponible dans les couleurs Alcantara: rouge , bleu Estoril et blanc. Envoyez nous un e-mail s.v.p<\/li>\n<li>Made in the Netherlands<\/li>\n<li>Si vous le souhaitez , vous pouvez nous envoyer votre propre grille d,aeration apres la reception de la copie enrob\u00e9e d, Alcantara mais a condition que la grille d,aeration soit a 100%. Apres reception et verification , nous creditions \u20ac 106,-<\/li>\n<li>Ne convient pas au nouveau (june 2017) tablet de bord.<\/li>\n<\/ul>\n","protected":false},"excerpt":{"rendered":"<p><a href=\"https:\/\/www.facebook.com\/pg\/Bimmer-Masterpieces-727398880763569\/photos\/?tab=album&amp;album_id=727418134094977\" target=\"_blank\" rel=\"noopener\">Click ici, pour plus photo's<\/a><\/p>\n<h4>sorties diff\u00e9rentes ( voir menu de s\u00e9lection )<\/h4>\n","protected":false},"featured_media":1128,"template":"","meta":{"_acf_changed":false},"product_brand":[],"product_cat":[15],"product_tag":[],"class_list":{"0":"post-1179","1":"product","2":"type-product","3":"status-publish","4":"has-post-thumbnail","6":"product_cat-geen-categorie","8":"first","9":"instock","10":"shipping-taxable","11":"purchasable","12":"product-type-variable"},"acf":[],"wcpa_form_fields":null,"_links":{"self":[{"href":"https:\/\/bimmermasterpieces.com\/fr\/wp-json\/wp\/v2\/product\/1179","targetHints":{"allow":["GET"]}}],"collection":[{"href":"https:\/\/bimmermasterpieces.com\/fr\/wp-json\/wp\/v2\/product"}],"about":[{"href":"https:\/\/bimmermasterpieces.com\/fr\/wp-json\/wp\/v2\/types\/product"}],"wp:featuredmedia":[{"embeddable":true,"href":"https:\/\/bimmermasterpieces.com\/fr\/wp-json\/wp\/v2\/media\/1128"}],"wp:attachment":[{"href":"https:\/\/bimmermasterpieces.com\/fr\/wp-json\/wp\/v2\/media?parent=1179"}],"wp:term":[{"taxonomy":"product_brand","embeddable":true,"href":"https:\/\/bimmermasterpieces.com\/fr\/wp-json\/wp\/v2\/product_brand?post=1179"},{"taxonomy":"product_cat","embeddable":true,"href":"https:\/\/bimmermasterpieces.com\/fr\/wp-json\/wp\/v2\/product_cat?post=1179"},{"taxonomy":"product_tag","embeddable":true,"href":"https:\/\/bimmermasterpieces.com\/fr\/wp-json\/wp\/v2\/product_tag?post=1179"}],"curies":[{"name":"wp","href":"https:\/\/api.w.org\/{rel}","templated":true}]}}