{"id":1256,"date":"2021-10-09T09:30:24","date_gmt":"2021-10-09T07:30:24","guid":{"rendered":"http:\/\/136.144.206.149\/~bimmer\/product\/amelioration-de-la-conception-du-panneau-de-porte\/"},"modified":"2024-08-24T19:30:01","modified_gmt":"2024-08-24T17:30:01","slug":"amelioration-de-la-conception-du-panneau-de-porte","status":"publish","type":"product","link":"https:\/\/bimmermasterpieces.com\/fr\/produit\/amelioration-de-la-conception-du-panneau-de-porte\/","title":{"rendered":"Bmw Am\u00e9lioration de la conception du panneau de porte"},"content":{"rendered":"","protected":false},"excerpt":{"rendered":"<p>75 % de la surface du panneau de porte consiste en une mati\u00e8re plastique assez dure et brillante. Pour att\u00e9nuer cette brillance, nous avons rajout\u00e9 au programme de livraison existant une mince bande de plastique de 1,3 mm, tr\u00e8s flexible, bord\u00e9e de v\u00e9ritable Alcantara. La m\u00e9tamorphose qu\u2019apporte cette subtile bande d\u2019Alcantara est inimaginable!<\/p>\n<p>A l\u2019arri\u00e8re, la bande est munie d\u2019un adh\u00e9sif sp\u00e9cial 3M. Comme pour tous nos produits, cette partie peut \u00e9galement \u00eatre enlev\u00e9e \u00e0 tout moment sans provoquer aucun dommage.<\/p>\n<p>Disponible en 6 versions.<\/p>\n<p>S'il vous pla\u00eet noter que ce produit est 100% fait \u00e0 la main.<\/p>\n<p>Le prix est par jeu de deux.<\/p>\n<p><a href=\"https:\/\/www.facebook.com\/pg\/Bimmer-Masterpieces-727398880763569\/photos\/?tab=album&amp;album_id=854557244714398\" target=\"_blank\" rel=\"noopener\">Click ici, pour plus photo's<\/a><\/p>\n<h4>sorties diff\u00e9rentes ( voir menu de s\u00e9lection )<\/h4>\n","protected":false},"featured_media":1211,"template":"","meta":{"_acf_changed":false},"product_brand":[],"product_cat":[15],"product_tag":[],"class_list":{"0":"post-1256","1":"product","2":"type-product","3":"status-publish","4":"has-post-thumbnail","6":"product_cat-geen-categorie","8":"first","9":"instock","10":"shipping-taxable","11":"purchasable","12":"product-type-variable"},"acf":[],"wcpa_form_fields":null,"_links":{"self":[{"href":"https:\/\/bimmermasterpieces.com\/fr\/wp-json\/wp\/v2\/product\/1256","targetHints":{"allow":["GET"]}}],"collection":[{"href":"https:\/\/bimmermasterpieces.com\/fr\/wp-json\/wp\/v2\/product"}],"about":[{"href":"https:\/\/bimmermasterpieces.com\/fr\/wp-json\/wp\/v2\/types\/product"}],"wp:featuredmedia":[{"embeddable":true,"href":"https:\/\/bimmermasterpieces.com\/fr\/wp-json\/wp\/v2\/media\/1211"}],"wp:attachment":[{"href":"https:\/\/bimmermasterpieces.com\/fr\/wp-json\/wp\/v2\/media?parent=1256"}],"wp:term":[{"taxonomy":"product_brand","embeddable":true,"href":"https:\/\/bimmermasterpieces.com\/fr\/wp-json\/wp\/v2\/product_brand?post=1256"},{"taxonomy":"product_cat","embeddable":true,"href":"https:\/\/bimmermasterpieces.com\/fr\/wp-json\/wp\/v2\/product_cat?post=1256"},{"taxonomy":"product_tag","embeddable":true,"href":"https:\/\/bimmermasterpieces.com\/fr\/wp-json\/wp\/v2\/product_tag?post=1256"}],"curies":[{"name":"wp","href":"https:\/\/api.w.org\/{rel}","templated":true}]}}