{"id":1316,"date":"2021-10-09T10:41:24","date_gmt":"2021-10-09T08:41:24","guid":{"rendered":"http:\/\/136.144.206.149\/~bimmer\/product\/combinaison-de-repose-pieds-en-fibre-de-carbone-alcantara-pour-levier-de-vitesses-incl-interrupteur\/"},"modified":"2024-08-24T19:27:17","modified_gmt":"2024-08-24T17:27:17","slug":"combinaison-de-repose-pieds-en-fibre-de-carbone-alcantara-pour-levier-de-vitesses-incl-interrupteur","status":"publish","type":"product","link":"https:\/\/bimmermasterpieces.com\/fr\/produit\/combinaison-de-repose-pieds-en-fibre-de-carbone-alcantara-pour-levier-de-vitesses-incl-interrupteur\/","title":{"rendered":"Bmw Combinaison de repose-pieds en Fibre de Carbone\/Alcantara pour levier de vitesses incl. interrupteur"},"content":{"rendered":"","protected":false},"excerpt":{"rendered":"<p>Depuis l\u2019existence des voitures, les dessinateurs et amateurs de voitures ont apport\u00e9 beaucoup de soin \u00e0 la conception de ce composant important. Il en est de m\u00eame pour nous.<\/p>\n<p>Le montage est extr\u00eamement simple (5-10 minutes), ne n\u00e9cessitant aucun d\u00e9montage du pommeau de vitesses.<\/p>\n<p>Fibre de Carbone a pores ouverts , comme les autres pieces M2 interieures orginales des Fibre de Carbone.<\/p>\n<p><a href=\"https:\/\/www.facebook.com\/pg\/Bimmermasterpieces\/photos\/?tab=album&amp;album_id=1104438183059635\" target=\"_blank\" rel=\"noopener\">Click ici, pour plus photo's<\/a><\/p>\n<\/div>\n<\/div>\n","protected":false},"featured_media":1295,"template":"","meta":{"_acf_changed":false},"product_brand":[],"product_cat":[15],"product_tag":[],"class_list":{"0":"post-1316","1":"product","2":"type-product","3":"status-publish","4":"has-post-thumbnail","6":"product_cat-geen-categorie","8":"first","9":"instock","10":"shipping-taxable","11":"purchasable","12":"product-type-variable"},"acf":[],"wcpa_form_fields":null,"_links":{"self":[{"href":"https:\/\/bimmermasterpieces.com\/fr\/wp-json\/wp\/v2\/product\/1316","targetHints":{"allow":["GET"]}}],"collection":[{"href":"https:\/\/bimmermasterpieces.com\/fr\/wp-json\/wp\/v2\/product"}],"about":[{"href":"https:\/\/bimmermasterpieces.com\/fr\/wp-json\/wp\/v2\/types\/product"}],"wp:featuredmedia":[{"embeddable":true,"href":"https:\/\/bimmermasterpieces.com\/fr\/wp-json\/wp\/v2\/media\/1295"}],"wp:attachment":[{"href":"https:\/\/bimmermasterpieces.com\/fr\/wp-json\/wp\/v2\/media?parent=1316"}],"wp:term":[{"taxonomy":"product_brand","embeddable":true,"href":"https:\/\/bimmermasterpieces.com\/fr\/wp-json\/wp\/v2\/product_brand?post=1316"},{"taxonomy":"product_cat","embeddable":true,"href":"https:\/\/bimmermasterpieces.com\/fr\/wp-json\/wp\/v2\/product_cat?post=1316"},{"taxonomy":"product_tag","embeddable":true,"href":"https:\/\/bimmermasterpieces.com\/fr\/wp-json\/wp\/v2\/product_tag?post=1316"}],"curies":[{"name":"wp","href":"https:\/\/api.w.org\/{rel}","templated":true}]}}