{"id":1391,"date":"2021-10-09T11:02:47","date_gmt":"2021-10-09T09:02:47","guid":{"rendered":"http:\/\/136.144.206.149\/~bimmer\/product\/couvercle-pommeau-de-transmission\/"},"modified":"2024-08-24T19:25:36","modified_gmt":"2024-08-24T17:25:36","slug":"couvercle-pommeau-de-transmission","status":"publish","type":"product","link":"https:\/\/bimmermasterpieces.com\/fr\/produit\/couvercle-pommeau-de-transmission\/","title":{"rendered":"Bmw COUVERCLE POMMEAU DE TRANSMISSION"},"content":{"rendered":"","protected":false},"excerpt":{"rendered":"<p>Depuis que la voiture existe, les concepteurs et les passionn\u00e9s de voitures ont consid\u00e9r\u00e9 que la conception de cette pi\u00e8ce \u00e9tait importante. Nous avons aussi.<\/p>\n<p>Bien s\u00fbr, il n'y a pas de discussion sur le go\u00fbt et c'est pourquoi nous proposons 8 options.<\/p>\n<p>Le montage est tr\u00e8s simple (5-10 minutes) et le pommeau de vitesse n'a pas besoin d'\u00eatre d\u00e9mont\u00e9.<\/p>\n<p><a href=\"https:\/\/www.facebook.com\/pg\/Bimmer-Masterpieces-727398880763569\/photos\/?tab=album&amp;album_id=839708166199306\" target=\"_blank\" rel=\"noopener\">Cliquez ici pour plus de photos<\/a><\/p>\n<h4>Diff\u00e9rentes versions (voir menu de s\u00e9lection)<\/h4>\n","protected":false},"featured_media":1344,"template":"","meta":{"_acf_changed":false},"product_brand":[],"product_cat":[15],"product_tag":[],"class_list":{"0":"post-1391","1":"product","2":"type-product","3":"status-publish","4":"has-post-thumbnail","6":"product_cat-geen-categorie","8":"first","9":"instock","10":"shipping-taxable","11":"purchasable","12":"product-type-variable"},"acf":[],"wcpa_form_fields":null,"_links":{"self":[{"href":"https:\/\/bimmermasterpieces.com\/fr\/wp-json\/wp\/v2\/product\/1391","targetHints":{"allow":["GET"]}}],"collection":[{"href":"https:\/\/bimmermasterpieces.com\/fr\/wp-json\/wp\/v2\/product"}],"about":[{"href":"https:\/\/bimmermasterpieces.com\/fr\/wp-json\/wp\/v2\/types\/product"}],"wp:featuredmedia":[{"embeddable":true,"href":"https:\/\/bimmermasterpieces.com\/fr\/wp-json\/wp\/v2\/media\/1344"}],"wp:attachment":[{"href":"https:\/\/bimmermasterpieces.com\/fr\/wp-json\/wp\/v2\/media?parent=1391"}],"wp:term":[{"taxonomy":"product_brand","embeddable":true,"href":"https:\/\/bimmermasterpieces.com\/fr\/wp-json\/wp\/v2\/product_brand?post=1391"},{"taxonomy":"product_cat","embeddable":true,"href":"https:\/\/bimmermasterpieces.com\/fr\/wp-json\/wp\/v2\/product_cat?post=1391"},{"taxonomy":"product_tag","embeddable":true,"href":"https:\/\/bimmermasterpieces.com\/fr\/wp-json\/wp\/v2\/product_tag?post=1391"}],"curies":[{"name":"wp","href":"https:\/\/api.w.org\/{rel}","templated":true}]}}