{"id":141,"date":"2021-10-07T14:07:08","date_gmt":"2021-10-07T12:07:08","guid":{"rendered":"http:\/\/136.144.206.149\/~bimmer\/product\/bmw-alcantara-revetement-lci\/"},"modified":"2023-02-01T20:25:44","modified_gmt":"2023-02-01T18:25:44","slug":"bmw-alcantara-revetement-lci","status":"publish","type":"product","link":"https:\/\/bimmermasterpieces.com\/fr\/produit\/bmw-alcantara-revetement-lci\/","title":{"rendered":"BMW Alcantara rev\u00eatement (LCI) CS-1M\/B"},"content":{"rendered":"","protected":false},"excerpt":{"rendered":"<h4>NOBLESSE OBLIGE<\/h4>\n<div>Le fait que BMW ait introduit un tableau de bord compl\u00e8tement diff\u00e9rent et plus\u00a0 beau vers 03\/2017 ne signifie pas qu'il ne peut pas \u00eatre rendu encore plus beau et complet.<\/div>\n<div>Nous le prouvons avec un Capot en Alcantara de haute qualit\u00e9 dont le motif et la couleur des coutures correspondent a l'int\u00e9rieur.<\/div>\n<div>Un avantage\u00a0 suppl\u00e9menttaire important est que le Capot couvre une grande partie des coutures grises\/marron existantes dans le tableau de bord qui ne correspondent pas \u00e0 l'int\u00e9rieur.<\/div>\n<p>La coupe est OEM.<\/p>\n<p>Le plus, avec ma cagoule, un tapis et une mousse de haute qualit\u00e9, une mailles fines, une \u00e9paisseur de 3 mm, se s\u00e9parent de la vrac alcantara.<\/p>\n<p>Couvrir le rev\u00eatement et plastique avec alcantara demande beaucoup de travail et necessite vraiment l artisanat une ancienne.<\/p>\n<p>Le montage peut \u00eatre effectu\u00e9 par l'importation et quelques minutes sans outils et SANS dommage permanent!<\/p>\n<p><a href=\"https:\/\/www.facebook.com\/pg\/Bimmermasterpieces\/photos\/?tab=album&amp;album_id=1185183174985135\" target=\"_blank\" rel=\"noopener\">Click ici, pour plus photo's<\/a><\/p>\n<h4>DISPONIBLE EN 6 COULEURS DE COUTURE ( voir menu de s\u00e9lection)<\/h4>\n","protected":false},"featured_media":8401015,"template":"","meta":{"_acf_changed":false},"product_brand":[],"product_cat":[],"product_tag":[],"class_list":{"0":"post-141","1":"product","2":"type-product","3":"status-publish","4":"has-post-thumbnail","7":"first","8":"instock","9":"shipping-taxable","10":"purchasable","11":"product-type-variable"},"acf":[],"wcpa_form_fields":null,"_links":{"self":[{"href":"https:\/\/bimmermasterpieces.com\/fr\/wp-json\/wp\/v2\/product\/141","targetHints":{"allow":["GET"]}}],"collection":[{"href":"https:\/\/bimmermasterpieces.com\/fr\/wp-json\/wp\/v2\/product"}],"about":[{"href":"https:\/\/bimmermasterpieces.com\/fr\/wp-json\/wp\/v2\/types\/product"}],"wp:featuredmedia":[{"embeddable":true,"href":"https:\/\/bimmermasterpieces.com\/fr\/wp-json\/wp\/v2\/media\/8401015"}],"wp:attachment":[{"href":"https:\/\/bimmermasterpieces.com\/fr\/wp-json\/wp\/v2\/media?parent=141"}],"wp:term":[{"taxonomy":"product_brand","embeddable":true,"href":"https:\/\/bimmermasterpieces.com\/fr\/wp-json\/wp\/v2\/product_brand?post=141"},{"taxonomy":"product_cat","embeddable":true,"href":"https:\/\/bimmermasterpieces.com\/fr\/wp-json\/wp\/v2\/product_cat?post=141"},{"taxonomy":"product_tag","embeddable":true,"href":"https:\/\/bimmermasterpieces.com\/fr\/wp-json\/wp\/v2\/product_tag?post=141"}],"curies":[{"name":"wp","href":"https:\/\/api.w.org\/{rel}","templated":true}]}}