{"id":1440,"date":"2021-10-11T09:22:35","date_gmt":"2021-10-11T07:22:35","guid":{"rendered":"http:\/\/136.144.206.149\/~bimmer\/product\/la-fibre-de-carbone-couvercle-pommeau-de-transmission\/"},"modified":"2024-08-24T19:23:52","modified_gmt":"2024-08-24T17:23:52","slug":"la-fibre-de-carbone-couvercle-pommeau-de-transmission","status":"publish","type":"product","link":"https:\/\/bimmermasterpieces.com\/fr\/produit\/la-fibre-de-carbone-couvercle-pommeau-de-transmission\/","title":{"rendered":"Bmw La fibre de carbone COUVERCLE POMMEAU DE TRANSMISSION"},"content":{"rendered":"","protected":false},"excerpt":{"rendered":"<p>La fibre de carbone, souvent appel\u00e9e l'or noir, est un mat\u00e9riau High-Tech ultime, dur\u00e9e (se renseigner chez le concessionnaire BMW) et tr\u00e8s laborieuse compliqu\u00e9e \u00e0 traiter. La fibre de carbone est beaucoup plus solide que l'acier et la lumi\u00e8re extr\u00eame (par exemple les bras monoculaires et de suspension Formula 1.) De plus, une fibre de carbone de premiere qualite a des propri\u00e9t\u00e9s optiques accrocheuses. Tout amateur de sport automobile a l'esprit juste est familier avec cela. Nous appliquons la m\u00eame structure de tissu \u00e0 mailles fines et le dimensionnement des fils comme BMW.<\/p>\n<h4>sorties diff\u00e9rentes ( voir menu de s\u00e9lection )<\/h4>\n<\/div>\n","protected":false},"featured_media":1432,"template":"","meta":{"_acf_changed":false},"product_brand":[],"product_cat":[15],"product_tag":[],"class_list":{"0":"post-1440","1":"product","2":"type-product","3":"status-publish","4":"has-post-thumbnail","6":"product_cat-geen-categorie","8":"first","9":"instock","10":"shipping-taxable","11":"purchasable","12":"product-type-variable"},"acf":[],"wcpa_form_fields":null,"_links":{"self":[{"href":"https:\/\/bimmermasterpieces.com\/fr\/wp-json\/wp\/v2\/product\/1440","targetHints":{"allow":["GET"]}}],"collection":[{"href":"https:\/\/bimmermasterpieces.com\/fr\/wp-json\/wp\/v2\/product"}],"about":[{"href":"https:\/\/bimmermasterpieces.com\/fr\/wp-json\/wp\/v2\/types\/product"}],"wp:featuredmedia":[{"embeddable":true,"href":"https:\/\/bimmermasterpieces.com\/fr\/wp-json\/wp\/v2\/media\/1432"}],"wp:attachment":[{"href":"https:\/\/bimmermasterpieces.com\/fr\/wp-json\/wp\/v2\/media?parent=1440"}],"wp:term":[{"taxonomy":"product_brand","embeddable":true,"href":"https:\/\/bimmermasterpieces.com\/fr\/wp-json\/wp\/v2\/product_brand?post=1440"},{"taxonomy":"product_cat","embeddable":true,"href":"https:\/\/bimmermasterpieces.com\/fr\/wp-json\/wp\/v2\/product_cat?post=1440"},{"taxonomy":"product_tag","embeddable":true,"href":"https:\/\/bimmermasterpieces.com\/fr\/wp-json\/wp\/v2\/product_tag?post=1440"}],"curies":[{"name":"wp","href":"https:\/\/api.w.org\/{rel}","templated":true}]}}