{"id":1656,"date":"2021-10-11T13:31:33","date_gmt":"2021-10-11T11:31:33","guid":{"rendered":"http:\/\/136.144.206.149\/~bimmer\/product\/m2-diffuser-competition\/"},"modified":"2024-08-24T19:20:00","modified_gmt":"2024-08-24T17:20:00","slug":"m2-diffuser-competition","status":"publish","type":"product","link":"https:\/\/bimmermasterpieces.com\/fr\/produit\/m2-diffuser-competition\/","title":{"rendered":"Bmw M2 Diffuser ,Competition'"},"content":{"rendered":"","protected":false},"excerpt":{"rendered":"<p>Outre la fonction tr\u00e8s importante d'augmenter l'appuis , les vrais passionn\u00e9s de voiture la consid\u00e8rent aussi comme un, must' du point de vue esth\u00e9tique qu'une voiture de pur-sang est \u00e9quip\u00e9e d'un vrai diffuseur.<\/p>\n<p>De toute \u00e9vidence les mots-cl\u00e9s , s\u00e9rieux , harmonieux, Look-OEM \u00b4 ont \u00e9t\u00e9 la base pour la determination de la design discret.<\/p>\n<p>En raison du prix \u00e9lev\u00e9 ( et logique ) d'un haute qualit\u00e9 diffuseur en fibre de carbon , nous avons choisi pour le mat\u00e9riau ABS comme original.<\/p>\n<p>L'assemblage est tr\u00e8s facile \u00e0 r\u00e9aliser ( 20 minutes ) Fa\u00e7on OEM.<\/p>\n<p><a href=\"https:\/\/www.facebook.com\/pg\/Bimmer-Masterpieces-727398880763569\/photos\/?tab=album&amp;album_id=968760489960739\" target=\"_blank\" rel=\"noopener\">Click ici, pour plus photo's<\/a><\/p>\n","protected":false},"featured_media":1653,"template":"","meta":{"_acf_changed":false},"product_brand":[],"product_cat":[15],"product_tag":[],"class_list":{"0":"post-1656","1":"product","2":"type-product","3":"status-publish","4":"has-post-thumbnail","6":"product_cat-geen-categorie","8":"first","9":"instock","10":"shipping-taxable","11":"purchasable","12":"product-type-simple"},"acf":[],"wcpa_form_fields":null,"_links":{"self":[{"href":"https:\/\/bimmermasterpieces.com\/fr\/wp-json\/wp\/v2\/product\/1656","targetHints":{"allow":["GET"]}}],"collection":[{"href":"https:\/\/bimmermasterpieces.com\/fr\/wp-json\/wp\/v2\/product"}],"about":[{"href":"https:\/\/bimmermasterpieces.com\/fr\/wp-json\/wp\/v2\/types\/product"}],"wp:featuredmedia":[{"embeddable":true,"href":"https:\/\/bimmermasterpieces.com\/fr\/wp-json\/wp\/v2\/media\/1653"}],"wp:attachment":[{"href":"https:\/\/bimmermasterpieces.com\/fr\/wp-json\/wp\/v2\/media?parent=1656"}],"wp:term":[{"taxonomy":"product_brand","embeddable":true,"href":"https:\/\/bimmermasterpieces.com\/fr\/wp-json\/wp\/v2\/product_brand?post=1656"},{"taxonomy":"product_cat","embeddable":true,"href":"https:\/\/bimmermasterpieces.com\/fr\/wp-json\/wp\/v2\/product_cat?post=1656"},{"taxonomy":"product_tag","embeddable":true,"href":"https:\/\/bimmermasterpieces.com\/fr\/wp-json\/wp\/v2\/product_tag?post=1656"}],"curies":[{"name":"wp","href":"https:\/\/api.w.org\/{rel}","templated":true}]}}