{"id":1688,"date":"2021-10-11T13:43:38","date_gmt":"2021-10-11T11:43:38","guid":{"rendered":"http:\/\/136.144.206.149\/~bimmer\/product\/reflecteur-m2\/"},"modified":"2024-08-24T19:18:46","modified_gmt":"2024-08-24T17:18:46","slug":"reflecteur-m2","status":"publish","type":"product","link":"https:\/\/bimmermasterpieces.com\/fr\/produit\/reflecteur-m2\/","title":{"rendered":"Bmw M2 R\u00e9flecteur"},"content":{"rendered":"","protected":false},"excerpt":{"rendered":"<p>R\u00e9flecteur - unit\u00e9s de remplacement pour la BMW M2 et pourvu d\u2019une grille alu \u00e0 mailles (10mm tiran) fines, avec l'effet optique du flux d'air.<\/p>\n<ul>\n<li>Le montage des r\u00e9flecteurs ne d\u00e9roge pas aux exemplaires originaux et la r\u00e9alisation est tr\u00e8s simple.<\/li>\n<li>Brillant noir (pour Long Beach Blue &amp; Alpine White)<\/li>\n<li>Brillant gris carbon (pour Mineral Grey &amp; Black Sapphire)<\/li>\n<li>Made in the Netherlands<\/li>\n<\/ul>\n<p><a href=\"https:\/\/www.facebook.com\/pg\/Bimmer-Masterpieces-727398880763569\/photos\/?tab=album&amp;album_id=727428877427236\" target=\"_blank\" rel=\"noopener\">Click ici, pour plus photo's<\/a><\/p>\n<h4>sorties diff\u00e9rentes ( voir menu de s\u00e9lection )<\/h4>\n","protected":false},"featured_media":1680,"template":"","meta":{"_acf_changed":false},"product_brand":[],"product_cat":[15],"product_tag":[],"class_list":{"0":"post-1688","1":"product","2":"type-product","3":"status-publish","4":"has-post-thumbnail","6":"product_cat-geen-categorie","8":"first","9":"instock","10":"shipping-taxable","11":"purchasable","12":"product-type-variable"},"acf":[],"wcpa_form_fields":null,"_links":{"self":[{"href":"https:\/\/bimmermasterpieces.com\/fr\/wp-json\/wp\/v2\/product\/1688","targetHints":{"allow":["GET"]}}],"collection":[{"href":"https:\/\/bimmermasterpieces.com\/fr\/wp-json\/wp\/v2\/product"}],"about":[{"href":"https:\/\/bimmermasterpieces.com\/fr\/wp-json\/wp\/v2\/types\/product"}],"wp:featuredmedia":[{"embeddable":true,"href":"https:\/\/bimmermasterpieces.com\/fr\/wp-json\/wp\/v2\/media\/1680"}],"wp:attachment":[{"href":"https:\/\/bimmermasterpieces.com\/fr\/wp-json\/wp\/v2\/media?parent=1688"}],"wp:term":[{"taxonomy":"product_brand","embeddable":true,"href":"https:\/\/bimmermasterpieces.com\/fr\/wp-json\/wp\/v2\/product_brand?post=1688"},{"taxonomy":"product_cat","embeddable":true,"href":"https:\/\/bimmermasterpieces.com\/fr\/wp-json\/wp\/v2\/product_cat?post=1688"},{"taxonomy":"product_tag","embeddable":true,"href":"https:\/\/bimmermasterpieces.com\/fr\/wp-json\/wp\/v2\/product_tag?post=1688"}],"curies":[{"name":"wp","href":"https:\/\/api.w.org\/{rel}","templated":true}]}}