{"id":1729,"date":"2021-10-11T14:01:35","date_gmt":"2021-10-11T12:01:35","guid":{"rendered":"http:\/\/136.144.206.149\/~bimmer\/product\/bmw-m2-cs-accoudoir-central\/"},"modified":"2024-01-11T09:58:42","modified_gmt":"2024-01-11T07:58:42","slug":"bmw-m2-cs-accoudoir-central","status":"publish","type":"product","link":"https:\/\/bimmermasterpieces.com\/fr\/produit\/bmw-m2-cs-accoudoir-central\/","title":{"rendered":"BMW M2-CS ACCOUDOIR - CENTRAL"},"content":{"rendered":"<p><em>Nous emploier le original couleur du lin ( fil ).<\/em><\/p>\n<h3>Le opinion de notre client\u00e8le:<\/h3>\n<ul>\n<li>Advevo: <a title=\"Raving review by Advevo\" href=\"http:\/\/f87.bimmerpost.com\/forums\/showpost.php?p=21637523&amp;postcount=14\" target=\"_blank\" rel=\"noopener\">http:\/\/f87.bimmerpost.com\/forums\/showpost.php?p=21637523&amp;postcount=14<\/a><\/li>\n<\/ul>\n<p>Autres design-d\u00e9sirer? (Alcantara couleur-combinaison). Envoyer une mail svp: <a title=\"Mail us\" href=\"mailto:info@bimmermasterpieces.com\">info@bimmermasterpieces.com<\/a><\/p>\n<ul>\n<li>Made in the Netherlands<\/li>\n<\/ul>\n","protected":false},"excerpt":{"rendered":"<p>La BMW M2 - CS n'est pas \u00e9quipee de serie d un accoudoir - central et la liste des options ne mentionne pas cet \u00e9l\u00e9ment. Pour les proprietaires d'un CS qui sont en grande partie sur la voie publique avec leur voiture et effectuent \u00e9galement des trajets plus longs , l'absence d'un accoudoir - central confortable est un inconv\u00e9nient. Les participants Track Days peuvent facilement retirer l'accoudoir - central en quelques minutes, s'ils le souhaitent.<\/p>\n<ul>\n<li>Plug&amp;Play ( syst\u00e8me de clic ) , sans dommage !! en 10 minutes.<\/li>\n<li>L'accoudoir - central + la console sont repr\u00e9sent\u00e9s comme 1 unite fournie<\/li>\n<li>Les coordones de longueur et de hauteur de l accoudoir - central sont \u00e9gales \u00e0 M2 \/ M2 competition.<\/li>\n<li>Position horizontale de l'accoudoir - central regable en continu. Plage de r\u00e9glage : 6 cm \/ 2,35 Inch<\/li>\n<\/ul>\n<div class=\"elementToProof\">Un montant d'aschat de \u20ac320 pour la housse de console centrale d'orgine BMW Alcantara CS ainsi que \u20ac25,- frais de transport\u00a0 suppl\u00e9mentaires en raison de la longueur du colis ont \u00e9t\u00e9 inclus dans le prix de vente !<\/div>\n<div class=\"elementToProof\">Pour ceux qui vivent dans l'un des pays de L'UE il est interessant de nous envoyer leur propre housse de console centrale.<\/div>\n<div class=\"elementToProof\"><\/div>\n<div class=\"elementToProof\">Un cr\u00e9dit de \u20ac320,- suivra.<\/div>\n<p><a href=\"https:\/\/www.facebook.com\/media\/set\/?set=a.1796782790491834&amp;type=3\" target=\"_blank\" rel=\"noopener\">Click ici, pour plus photo's<\/a><\/p>\n<h4>sorties diff\u00e9rentes ( voir menu de s\u00e9lection )<\/h4>\n","protected":false},"featured_media":1718,"template":"","meta":{"_acf_changed":false},"product_brand":[],"product_cat":[],"product_tag":[],"class_list":{"0":"post-1729","1":"product","2":"type-product","3":"status-publish","4":"has-post-thumbnail","7":"first","8":"instock","9":"shipping-taxable","10":"purchasable","11":"product-type-variable"},"acf":[],"wcpa_form_fields":null,"_links":{"self":[{"href":"https:\/\/bimmermasterpieces.com\/fr\/wp-json\/wp\/v2\/product\/1729","targetHints":{"allow":["GET"]}}],"collection":[{"href":"https:\/\/bimmermasterpieces.com\/fr\/wp-json\/wp\/v2\/product"}],"about":[{"href":"https:\/\/bimmermasterpieces.com\/fr\/wp-json\/wp\/v2\/types\/product"}],"wp:featuredmedia":[{"embeddable":true,"href":"https:\/\/bimmermasterpieces.com\/fr\/wp-json\/wp\/v2\/media\/1718"}],"wp:attachment":[{"href":"https:\/\/bimmermasterpieces.com\/fr\/wp-json\/wp\/v2\/media?parent=1729"}],"wp:term":[{"taxonomy":"product_brand","embeddable":true,"href":"https:\/\/bimmermasterpieces.com\/fr\/wp-json\/wp\/v2\/product_brand?post=1729"},{"taxonomy":"product_cat","embeddable":true,"href":"https:\/\/bimmermasterpieces.com\/fr\/wp-json\/wp\/v2\/product_cat?post=1729"},{"taxonomy":"product_tag","embeddable":true,"href":"https:\/\/bimmermasterpieces.com\/fr\/wp-json\/wp\/v2\/product_tag?post=1729"}],"curies":[{"name":"wp","href":"https:\/\/api.w.org\/{rel}","templated":true}]}}