{"id":1839,"date":"2021-10-11T14:44:28","date_gmt":"2021-10-11T12:44:28","guid":{"rendered":"http:\/\/136.144.206.149\/~bimmer\/product\/harman-kardon-carbon-fiber\/"},"modified":"2024-08-24T19:14:30","modified_gmt":"2024-08-24T17:14:30","slug":"harman-kardon-carbon-fiber","status":"publish","type":"product","link":"https:\/\/bimmermasterpieces.com\/fr\/produit\/harman-kardon-carbon-fiber\/","title":{"rendered":"Bmw Harman Kardon Carbon-Fiber"},"content":{"rendered":"","protected":false},"excerpt":{"rendered":"<p>La pr\u00e9sence de la marque audio de Haute-Qualit\u00e9 Harman Kardon ajoute beaucoup au niveau int\u00e9rieur d'une BMW.<\/p>\n<p>Pour optimiser ce c'est pourquoi nous avons d\u00e9veloppe \u00e2 l'interieur un beau bo\u00eetier \u00e0 Carbon-fiber ,, poreux ouvert \" tr\u00e9s accrocheur.<\/p>\n<p>Les inities et les produit-producteurs de Carbon-fiber sont conscients que la fabrication d une forme aussi petite et complexe est un d\u00e9fi tr\u00e9s difficile et certainement si les OEM devraient \u00eatre la norme.<\/p>\n<p>Si un syst\u00e9me audio standard est int\u00e9gr\u00e9 a votre BMW , ces unit\u00e9s de de haut-parleur peuvent simplement \u00eatre remplacees par nos unites ORIGINAL Harman Kardon.<\/p>\n<p>En raison de la structure complexe de l'unite Harman Kardon , nous livrons ce produit compl\u00e9tement et comme Harman Kardon d'orgine. Plug and Play.<\/p>\n<p>Le prix est par jeu de deux.<\/p>\n<p><a href=\"https:\/\/www.facebook.com\/pg\/Bimmermasterpieces\/photos\/?tab=album&amp;album_id=1391903997646384\" target=\"_blank\" rel=\"noopener\">Click ici, pour plus photo's<\/a><\/p>\n","protected":false},"featured_media":1835,"template":"","meta":{"_acf_changed":false},"product_brand":[],"product_cat":[],"product_tag":[],"class_list":{"0":"post-1839","1":"product","2":"type-product","3":"status-publish","4":"has-post-thumbnail","7":"first","8":"instock","9":"shipping-taxable","10":"purchasable","11":"product-type-simple"},"acf":[],"wcpa_form_fields":null,"_links":{"self":[{"href":"https:\/\/bimmermasterpieces.com\/fr\/wp-json\/wp\/v2\/product\/1839","targetHints":{"allow":["GET"]}}],"collection":[{"href":"https:\/\/bimmermasterpieces.com\/fr\/wp-json\/wp\/v2\/product"}],"about":[{"href":"https:\/\/bimmermasterpieces.com\/fr\/wp-json\/wp\/v2\/types\/product"}],"wp:featuredmedia":[{"embeddable":true,"href":"https:\/\/bimmermasterpieces.com\/fr\/wp-json\/wp\/v2\/media\/1835"}],"wp:attachment":[{"href":"https:\/\/bimmermasterpieces.com\/fr\/wp-json\/wp\/v2\/media?parent=1839"}],"wp:term":[{"taxonomy":"product_brand","embeddable":true,"href":"https:\/\/bimmermasterpieces.com\/fr\/wp-json\/wp\/v2\/product_brand?post=1839"},{"taxonomy":"product_cat","embeddable":true,"href":"https:\/\/bimmermasterpieces.com\/fr\/wp-json\/wp\/v2\/product_cat?post=1839"},{"taxonomy":"product_tag","embeddable":true,"href":"https:\/\/bimmermasterpieces.com\/fr\/wp-json\/wp\/v2\/product_tag?post=1839"}],"curies":[{"name":"wp","href":"https:\/\/api.w.org\/{rel}","templated":true}]}}