{"id":1899,"date":"2021-10-12T08:38:10","date_gmt":"2021-10-12T06:38:10","guid":{"rendered":"http:\/\/136.144.206.149\/~bimmer\/product\/neutralisateur-de-bataille-en-pierre-de-carbon-fibre\/"},"modified":"2024-08-24T19:11:15","modified_gmt":"2024-08-24T17:11:15","slug":"neutralisateur-de-bataille-en-pierre-de-carbon-fibre","status":"publish","type":"product","link":"https:\/\/bimmermasterpieces.com\/fr\/produit\/neutralisateur-de-bataille-en-pierre-de-carbon-fibre\/","title":{"rendered":"Bmw Neutralisateur de Bataille en Pierre de Carbon Fibre"},"content":{"rendered":"","protected":false},"excerpt":{"rendered":"<p>Fonction &amp; Design : Neutralisateur de Bataille en Pierre de Carbon Fibre<\/p>\n<p>Le film sur les larges garde-boue arri\u00e9re du M2 est concu par BMW pour \u00e9viter que les \u00e9clats de pierre des roues avant n 'endommagent gravement la peinture. En pratique , cela s 'avere \u00eatre une solution ad\u00e9quate pour 85% , mais malheureusement , cependant, par cons\u00e9quent , les pierres forment toujours la zone non prot\u00e9g\u00e9e et occasionnent parfois des dommages a la peinture a cet \u00e9gard.<\/p>\n<p>Des pierres plus lourdes ( beaucoup d 'energie cin\u00e9tique ) endommagent et perforent parfois le film protecteur et , pire encore la couche de peinture sous-jacente entrainant parfois de la rouille. Les co\u00fbts de r\u00e9application de la feuille d 'origine sont : \u20ac 128 + 3 heures d 'atelier. Afin de r\u00e9parer \u00e9galement tout dommage a la peinture , un co\u00fbt total d 'environ \u20ac 900 doit \u00eatre pris en compte. Pour \u00e9viter ce qui pr\u00e9c\u00e9de , nous avons combattu le ,, Mal \"a la source en d\u00e9veloppant un NEUTRALISANT solide en PIERRE CONCASSEE et fait de Fibre de Carbone et poly\u00e9thyl\u00e9ne.<\/p>\n<p><a href=\"https:\/\/www.facebook.com\/pg\/Bimmermasterpieces\/photos\/?tab=album&amp;album_id=1536305263206256\" target=\"_blank\" rel=\"noopener\">Click ici, pour plus photo's<\/a><\/p>\n<p>Technique<\/p>\n<p>En r\u00e9f\u00e9rence au materiel photo d accompagnement , vous pouvez conclure que nous avons install\u00e9 un profil a l 'interi\u00e9ur pour optimiser le drainage rapide de l 'eau.<\/p>\n<p>Le produit n est pas pourvu d 'une couche de laque haute brillance , car en pratique il a \u00e9t\u00e9 constat\u00e9 que cette couchc de laque s 'abimait tr\u00e9s rapidement.<\/p>\n<p>Editer<\/p>\n<p>L 'installation est tr\u00e9s simple et utilise les trous d 'orgine de 5 mm. En outre , ruban adh\u00e9sif BMW double face d 'origine ( voir photo ) appliqu\u00e9 a l 'interieur.<\/p>\n<p>Tous les mat\u00e9riaux de montage ainsi qu 'une feuille avec les instructions de montage sont inclus.<\/p>\n<p>Prix par set<\/p>\n","protected":false},"featured_media":1896,"template":"","meta":{"_acf_changed":false},"product_brand":[],"product_cat":[15],"product_tag":[],"class_list":{"0":"post-1899","1":"product","2":"type-product","3":"status-publish","4":"has-post-thumbnail","6":"product_cat-geen-categorie","8":"first","9":"instock","10":"shipping-taxable","11":"purchasable","12":"product-type-simple"},"acf":[],"wcpa_form_fields":null,"_links":{"self":[{"href":"https:\/\/bimmermasterpieces.com\/fr\/wp-json\/wp\/v2\/product\/1899","targetHints":{"allow":["GET"]}}],"collection":[{"href":"https:\/\/bimmermasterpieces.com\/fr\/wp-json\/wp\/v2\/product"}],"about":[{"href":"https:\/\/bimmermasterpieces.com\/fr\/wp-json\/wp\/v2\/types\/product"}],"wp:featuredmedia":[{"embeddable":true,"href":"https:\/\/bimmermasterpieces.com\/fr\/wp-json\/wp\/v2\/media\/1896"}],"wp:attachment":[{"href":"https:\/\/bimmermasterpieces.com\/fr\/wp-json\/wp\/v2\/media?parent=1899"}],"wp:term":[{"taxonomy":"product_brand","embeddable":true,"href":"https:\/\/bimmermasterpieces.com\/fr\/wp-json\/wp\/v2\/product_brand?post=1899"},{"taxonomy":"product_cat","embeddable":true,"href":"https:\/\/bimmermasterpieces.com\/fr\/wp-json\/wp\/v2\/product_cat?post=1899"},{"taxonomy":"product_tag","embeddable":true,"href":"https:\/\/bimmermasterpieces.com\/fr\/wp-json\/wp\/v2\/product_tag?post=1899"}],"curies":[{"name":"wp","href":"https:\/\/api.w.org\/{rel}","templated":true}]}}