{"id":2028,"date":"2021-10-12T09:20:00","date_gmt":"2021-10-12T07:20:00","guid":{"rendered":"http:\/\/136.144.206.149\/~bimmer\/product\/bouches-daeration\/"},"modified":"2024-08-24T19:09:55","modified_gmt":"2024-08-24T17:09:55","slug":"bouches-daeration","status":"publish","type":"product","link":"https:\/\/bimmermasterpieces.com\/fr\/produit\/bouches-daeration\/","title":{"rendered":"Bmw BOUCHES D'A\u00c9RATION"},"content":{"rendered":"","protected":false},"excerpt":{"rendered":"<p><strong>BOUCHES D'A\u00c9RATION<\/strong><\/p>\n<p>Le pack int\u00e9rieur M Performance en Fibre de Carbone en option pour la M2 Comp\u00e9tition , ainsi que les F21 LCI , F22 LCI se composent de 4 parties , tandis que le m\u00eame pack pour les M2 pre LCI , F21 pre LCI , F22 pre LCI se compose de 6 parties donc comprenant 2 bouches d'a\u00e9ration. En raison de l'angle de 90 degr\u00e9s tr\u00e8s fragile ( voir photo) ,c'est un produit difficile a fabriquer et le rend moins adapt\u00e9 \u00e1 la production de grands nombres , ce qui explique probablement son absence.<\/p>\n<p>De plus , nous fournissons les bouches d'a\u00e9ration manquantes en Fibre de Carbone pour le tableau de bord LCI , pour compl\u00e9ter la conception du tableau de bord<\/p>\n<p><a href=\"https:\/\/www.facebook.com\/media\/set\/?vanity=Bimmermasterpieces&amp;set=a.1828047630698683\" target=\"_blank\" rel=\"noopener\">CLIQUEZ ICI POUR DES PHOTOS PLUS GRANDES<\/a><\/p>\n<p>Le prix est par lot de 2<\/p>\n","protected":false},"featured_media":2013,"template":"","meta":{"_acf_changed":false},"product_brand":[],"product_cat":[15],"product_tag":[],"class_list":{"0":"post-2028","1":"product","2":"type-product","3":"status-publish","4":"has-post-thumbnail","6":"product_cat-geen-categorie","8":"first","9":"instock","10":"shipping-taxable","11":"purchasable","12":"product-type-variable"},"acf":[],"wcpa_form_fields":null,"_links":{"self":[{"href":"https:\/\/bimmermasterpieces.com\/fr\/wp-json\/wp\/v2\/product\/2028","targetHints":{"allow":["GET"]}}],"collection":[{"href":"https:\/\/bimmermasterpieces.com\/fr\/wp-json\/wp\/v2\/product"}],"about":[{"href":"https:\/\/bimmermasterpieces.com\/fr\/wp-json\/wp\/v2\/types\/product"}],"wp:featuredmedia":[{"embeddable":true,"href":"https:\/\/bimmermasterpieces.com\/fr\/wp-json\/wp\/v2\/media\/2013"}],"wp:attachment":[{"href":"https:\/\/bimmermasterpieces.com\/fr\/wp-json\/wp\/v2\/media?parent=2028"}],"wp:term":[{"taxonomy":"product_brand","embeddable":true,"href":"https:\/\/bimmermasterpieces.com\/fr\/wp-json\/wp\/v2\/product_brand?post=2028"},{"taxonomy":"product_cat","embeddable":true,"href":"https:\/\/bimmermasterpieces.com\/fr\/wp-json\/wp\/v2\/product_cat?post=2028"},{"taxonomy":"product_tag","embeddable":true,"href":"https:\/\/bimmermasterpieces.com\/fr\/wp-json\/wp\/v2\/product_tag?post=2028"}],"curies":[{"name":"wp","href":"https:\/\/api.w.org\/{rel}","templated":true}]}}