{"id":2124,"date":"2021-10-09T09:28:24","date_gmt":"2021-10-09T07:28:24","guid":{"rendered":"http:\/\/136.144.206.149\/~bimmer\/product\/panneau-de-commande-radio-clim\/"},"modified":"2025-03-18T10:07:33","modified_gmt":"2025-03-18T08:07:33","slug":"panneau-de-commande-radio-clim","status":"publish","type":"product","link":"https:\/\/bimmermasterpieces.com\/fr\/produit\/panneau-de-commande-radio-clim\/","title":{"rendered":"Bmw Panneau de commande radio\/clim"},"content":{"rendered":"","protected":false},"excerpt":{"rendered":"<p>Les parties en plastique du tableau de bord d'une couche de laque noire tr\u00e8s brillante repr\u00e9sentent un statut dit d'exclusivit\u00e9 pendant plusieurs ann\u00e9es.<\/p>\n<p>Seuls les constructeurs de voitures haut de gamme ont appliqu\u00e9 cette option en option et dans mod\u00e8les plus chers.<\/p>\n<p>Malheureusement , il est devenu monnaie courante pour toutes les marques de voitures...............<\/p>\n<p>La belle et AUTHENTIQUE Alcantara ( tr\u00e8s difficile \u00e0 appliquer ) r\u00e9tablit l'ordre !<\/p>\n<p><a href=\"https:\/\/www.facebook.com\/pg\/Bimmermasterpieces\/photos\/?tab=album&amp;album_id=1056463877857066\" target=\"_blank\" rel=\"noopener\">Click ici, pour plus photo's<\/a><\/p>\n<h4>sorties diff\u00e9rentes ( voir menu de s\u00e9lection )<\/h4>\n","protected":false},"featured_media":2121,"template":"","meta":{"_acf_changed":false},"product_brand":[],"product_cat":[],"product_tag":[],"class_list":{"0":"post-2124","1":"product","2":"type-product","3":"status-publish","4":"has-post-thumbnail","6":"wcpa_has_options","8":"first","9":"instock","10":"shipping-taxable","11":"purchasable","12":"product-type-simple"},"acf":[],"wcpa_form_fields":{"wcpaData":{"product":{"product_price":189,"price_html":"<span class=\"woocommerce-Price-amount amount\"><bdi><span class=\"woocommerce-Price-currencySymbol\">&euro;<\/span>&nbsp;189,00<\/bdi><\/span>","original_product_price":189,"price_including_tax":189,"price_excluding_tax":189,"product_id":{"parent":2124,"variation":false},"is_variable":false,"stock_status":"instock","stock_quantity":null,"parent_sku":"","product_attributes":{"pa_model":{"is_variation":false,"values":["m2-f20-f21-f22-f23-fr","m3-m4-f30-f31-f32-f36-fr"]}},"custom_fields":[],"is_taxable":false,"product_name":"Bmw Panneau de commande radio\/clim","hasImage":false},"fields":{"sec_6651ad8f5346e7":{"extra":{"key":"sec_6651ad8f5346e7","section_id":"sec_6651ad8f5346e7","name":"Default","status":1,"cl_rule":"show","enableCl":false,"relations":[],"toggle":true,"title_tag":"h3","show_title":false,"showPrice":"default","form_id":2128,"form_rules":{"exclude_from_discount":false,"fee_label":"Fee","disp_hide_options_price":false,"disp_show_section_price":false,"disp_show_field_price":false,"layout_option":"standard","pric_use_as_fee":false,"process_fee_as":"woo_fee"},"layout_option":"standard"},"fields":[[{"type":"select","elementId":"wcpa-select-1634034173866","label":"Mod\u00e8le BMW","placeholder":"Faites votre choix","priceOptions":"different_for_all","pricingType":"fixed","name":"select-1634034173866","cl_rule":"show","col":6,"values":[{"label":"M2 (F87), F20, F21, F22, F23","value":"M2, F20, F21, F22, F23","price":"","pimage":"","pimage_id":"","pthumb":"","tempId":"aco_20","gt_translate_keys":["label"]},{"label":"M3, M4, F30, F31, F32, F36","value":"M3, M4, F30, F31, F32, F36option-2","price":"","pimage":"","pimage_id":"","pthumb":"","tempId":"aco_21","gt_translate_keys":["label"]}],"relations":false,"active":true,"tooltip":"","dropdown_type":"basic","error":false,"gt_translate_keys":["label","placeholder","tooltip"],"price_dependency":false,"cl_dependency":["wcpa-select-1634034188628"],"value":""}],[{"type":"select","elementId":"wcpa-select-1634034188628","label":"Tableau de bord","placeholder":"Faites votre choix","priceOptions":"different_for_all","pricingType":"fixed","name":"select-1634034188626","enableCl":true,"cl_rule":"show","cl_val":"M2, F20, F21, F22, F23","col":6,"values":[{"label":"Tableau de bord LCI (\u00e0 partir de 07-2017 environ)","value":"LCI dashboard (Vanaf circa 07-2017)","price":"","pimage":"","pimage_id":"","pthumb":"","tempId":"aco_1168","gt_translate_keys":["label"]},{"label":"Tableau de bord ancien type (jusqu'en 07-2017 environ)","value":"Oude type dashboard (tot circa 07-2017)","price":"","pimage":"","pimage_id":"","pthumb":"","tempId":"aco_1169","gt_translate_keys":["label"]}],"relations":[{"operator":false,"rules":[{"operator":false,"rules":{"cl_field":"wcpa-select-1634034173866","cl_relation":"is","cl_val":"M2, F20, F21, F22, F23"}}]}],"active":true,"tooltip":"","dropdown_type":"basic","error":false,"gt_translate_keys":["label","placeholder","tooltip"],"price_dependency":false,"cl_dependency":["wcpa-select-1634034335463","wcpa-select-1634034484719"],"value":""}],[{"type":"select","elementId":"wcpa-select-1634034335463","label":"Embleem","placeholder":"Faites votre choix","enablePrice":true,"priceOptions":"different_for_all","pricingType":"fixed","name":"select-1634034335463","enable_product_image":true,"enableCl":true,"cl_rule":"hide","cl_val":"option-2","col":6,"values":[{"label":"Sans embl\u00e8me","value":"Zonder embleem","price":"","pimage":"http:\/\/136.144.206.149\/~bimmer\/wp-content\/uploads\/2021\/10\/none.jpg","pimage_id":"2115","pthumb":"http:\/\/136.144.206.149\/~bimmer\/wp-content\/uploads\/2021\/10\/none-150x150.jpg","productImage":{"title":"none","caption":"","url":"https:\/\/bimmermasterpieces.com\/wp-content\/uploads\/2021\/10\/none.jpg","alt":"none","src":"https:\/\/bimmermasterpieces.com\/wp-content\/uploads\/2021\/10\/none-600x260.jpg","srcset":"https:\/\/bimmermasterpieces.com\/wp-content\/uploads\/2021\/10\/none-600x260.jpg 600w, https:\/\/bimmermasterpieces.com\/wp-content\/uploads\/2021\/10\/none-480x208.jpg 480w, https:\/\/bimmermasterpieces.com\/wp-content\/uploads\/2021\/10\/none-640x278.jpg 640w, https:\/\/bimmermasterpieces.com\/wp-content\/uploads\/2021\/10\/none-720x312.jpg 720w, https:\/\/bimmermasterpieces.com\/wp-content\/uploads\/2021\/10\/none-960x417.jpg 960w, https:\/\/bimmermasterpieces.com\/wp-content\/uploads\/2021\/10\/none-300x130.jpg 300w, https:\/\/bimmermasterpieces.com\/wp-content\/uploads\/2021\/10\/none-768x333.jpg 768w, https:\/\/bimmermasterpieces.com\/wp-content\/uploads\/2021\/10\/none-1024x444.jpg 1024w, https:\/\/bimmermasterpieces.com\/wp-content\/uploads\/2021\/10\/none.jpg 1076w","sizes":"(max-width: 600px) 100vw, 600px","full_src":"https:\/\/bimmermasterpieces.com\/wp-content\/uploads\/2021\/10\/none.jpg","full_src_w":1076,"full_src_h":467,"gallery_thumbnail_src":"https:\/\/bimmermasterpieces.com\/wp-content\/uploads\/2021\/10\/none-100x100.jpg","gallery_thumbnail_src_w":100,"gallery_thumbnail_src_h":100,"thumb_src":"https:\/\/bimmermasterpieces.com\/wp-content\/uploads\/2021\/10\/none-300x300.jpg","thumb_src_w":300,"thumb_src_h":300,"src_w":600,"src_h":260,"image_id":"2115"},"gt_translate_keys":["label"]},{"label":"Avec l'embl\u00e8me M","value":"Met M-embleem","price":"10","pimage":"http:\/\/136.144.206.149\/~bimmer\/wp-content\/uploads\/2021\/10\/M.jpg","pimage_id":"2111","pthumb":"http:\/\/136.144.206.149\/~bimmer\/wp-content\/uploads\/2021\/10\/M-150x150.jpg","productImage":{"title":"M","caption":"","url":"https:\/\/bimmermasterpieces.com\/wp-content\/uploads\/2021\/10\/M.jpg","alt":"M","src":"https:\/\/bimmermasterpieces.com\/wp-content\/uploads\/2021\/10\/M-600x249.jpg","srcset":"https:\/\/bimmermasterpieces.com\/wp-content\/uploads\/2021\/10\/M-600x249.jpg 600w, https:\/\/bimmermasterpieces.com\/wp-content\/uploads\/2021\/10\/M-480x199.jpg 480w, https:\/\/bimmermasterpieces.com\/wp-content\/uploads\/2021\/10\/M-640x266.jpg 640w, https:\/\/bimmermasterpieces.com\/wp-content\/uploads\/2021\/10\/M-720x299.jpg 720w, https:\/\/bimmermasterpieces.com\/wp-content\/uploads\/2021\/10\/M-960x399.jpg 960w, https:\/\/bimmermasterpieces.com\/wp-content\/uploads\/2021\/10\/M-300x125.jpg 300w, https:\/\/bimmermasterpieces.com\/wp-content\/uploads\/2021\/10\/M-768x319.jpg 768w, https:\/\/bimmermasterpieces.com\/wp-content\/uploads\/2021\/10\/M-1024x425.jpg 1024w, https:\/\/bimmermasterpieces.com\/wp-content\/uploads\/2021\/10\/M.jpg 1165w","sizes":"(max-width: 600px) 100vw, 600px","full_src":"https:\/\/bimmermasterpieces.com\/wp-content\/uploads\/2021\/10\/M.jpg","full_src_w":1165,"full_src_h":484,"gallery_thumbnail_src":"https:\/\/bimmermasterpieces.com\/wp-content\/uploads\/2021\/10\/M-100x100.jpg","gallery_thumbnail_src_w":100,"gallery_thumbnail_src_h":100,"thumb_src":"https:\/\/bimmermasterpieces.com\/wp-content\/uploads\/2021\/10\/M-300x300.jpg","thumb_src_w":300,"thumb_src_h":300,"src_w":600,"src_h":249,"image_id":"2111"},"gt_translate_keys":["label"]},{"label":"Avec l'embl\u00e8me de comp\u00e9tition A","value":"Met Competition-embleem A","price":"18","pimage":"http:\/\/136.144.206.149\/~bimmer\/wp-content\/uploads\/2021\/10\/competition.jpg","pimage_id":"2107","pthumb":"http:\/\/136.144.206.149\/~bimmer\/wp-content\/uploads\/2021\/10\/competition-150x150.jpg","productImage":{"title":"competition","caption":"","url":"https:\/\/bimmermasterpieces.com\/wp-content\/uploads\/2021\/10\/competition.jpg","alt":"competition","src":"https:\/\/bimmermasterpieces.com\/wp-content\/uploads\/2021\/10\/competition-600x268.jpg","srcset":"https:\/\/bimmermasterpieces.com\/wp-content\/uploads\/2021\/10\/competition-600x268.jpg 600w, https:\/\/bimmermasterpieces.com\/wp-content\/uploads\/2021\/10\/competition-480x214.jpg 480w, https:\/\/bimmermasterpieces.com\/wp-content\/uploads\/2021\/10\/competition-640x286.jpg 640w, https:\/\/bimmermasterpieces.com\/wp-content\/uploads\/2021\/10\/competition-720x321.jpg 720w, https:\/\/bimmermasterpieces.com\/wp-content\/uploads\/2021\/10\/competition-960x429.jpg 960w, https:\/\/bimmermasterpieces.com\/wp-content\/uploads\/2021\/10\/competition-300x134.jpg 300w, https:\/\/bimmermasterpieces.com\/wp-content\/uploads\/2021\/10\/competition-768x343.jpg 768w, https:\/\/bimmermasterpieces.com\/wp-content\/uploads\/2021\/10\/competition-1024x457.jpg 1024w, https:\/\/bimmermasterpieces.com\/wp-content\/uploads\/2021\/10\/competition.jpg 1075w","sizes":"(max-width: 600px) 100vw, 600px","full_src":"https:\/\/bimmermasterpieces.com\/wp-content\/uploads\/2021\/10\/competition.jpg","full_src_w":1075,"full_src_h":480,"gallery_thumbnail_src":"https:\/\/bimmermasterpieces.com\/wp-content\/uploads\/2021\/10\/competition-100x100.jpg","gallery_thumbnail_src_w":100,"gallery_thumbnail_src_h":100,"thumb_src":"https:\/\/bimmermasterpieces.com\/wp-content\/uploads\/2021\/10\/competition-300x300.jpg","thumb_src_w":300,"thumb_src_h":300,"src_w":600,"src_h":268,"image_id":"2107"},"gt_translate_keys":["label"]},{"label":"Avec l'embl\u00e8me de comp\u00e9tition B","value":"Met Competition-embleem B","price":"18","pimage":"http:\/\/136.144.206.149\/~bimmer\/wp-content\/uploads\/2021\/10\/centerstack006.jpg","pimage_id":"2099","pthumb":"http:\/\/136.144.206.149\/~bimmer\/wp-content\/uploads\/2021\/10\/centerstack006-150x150.jpg","productImage":{"title":"centerstack006","caption":"","url":"https:\/\/bimmermasterpieces.com\/wp-content\/uploads\/2021\/10\/centerstack006.jpg","alt":"centerstack006","src":"https:\/\/bimmermasterpieces.com\/wp-content\/uploads\/2021\/10\/centerstack006-600x346.jpg","srcset":"https:\/\/bimmermasterpieces.com\/wp-content\/uploads\/2021\/10\/centerstack006-600x346.jpg 600w, https:\/\/bimmermasterpieces.com\/wp-content\/uploads\/2021\/10\/centerstack006-480x277.jpg 480w, https:\/\/bimmermasterpieces.com\/wp-content\/uploads\/2021\/10\/centerstack006-640x369.jpg 640w, https:\/\/bimmermasterpieces.com\/wp-content\/uploads\/2021\/10\/centerstack006-720x415.jpg 720w, https:\/\/bimmermasterpieces.com\/wp-content\/uploads\/2021\/10\/centerstack006-960x553.jpg 960w, https:\/\/bimmermasterpieces.com\/wp-content\/uploads\/2021\/10\/centerstack006-300x173.jpg 300w, https:\/\/bimmermasterpieces.com\/wp-content\/uploads\/2021\/10\/centerstack006-768x443.jpg 768w, https:\/\/bimmermasterpieces.com\/wp-content\/uploads\/2021\/10\/centerstack006-1024x590.jpg 1024w, https:\/\/bimmermasterpieces.com\/wp-content\/uploads\/2021\/10\/centerstack006.jpg 1079w","sizes":"(max-width: 600px) 100vw, 600px","full_src":"https:\/\/bimmermasterpieces.com\/wp-content\/uploads\/2021\/10\/centerstack006.jpg","full_src_w":1079,"full_src_h":622,"gallery_thumbnail_src":"https:\/\/bimmermasterpieces.com\/wp-content\/uploads\/2021\/10\/centerstack006-100x100.jpg","gallery_thumbnail_src_w":100,"gallery_thumbnail_src_h":100,"thumb_src":"https:\/\/bimmermasterpieces.com\/wp-content\/uploads\/2021\/10\/centerstack006-300x300.jpg","thumb_src_w":300,"thumb_src_h":300,"src_w":600,"src_h":346,"image_id":"2099"},"gt_translate_keys":["label"]}],"relations":[{"operator":false,"rules":[{"operator":false,"rules":{"cl_field":"wcpa-select-1634034188628","cl_relation":"is","cl_val":"option-2"}}]}],"price":0,"active":true,"tooltip":"","dropdown_type":"basic","error":false,"gt_translate_keys":["label","placeholder","tooltip"],"price_dependency":false,"cl_dependency":false,"value":""}],[{"type":"select","elementId":"wcpa-select-1634034484719","label":"Embleem","placeholder":"Faites votre choix","enablePrice":true,"priceOptions":"different_for_all","pricingType":"fixed","name":"select-1634034484718","enable_product_image":true,"enableCl":true,"cl_rule":"show","cl_val":"option-2","col":6,"values":[{"label":"Sans embl\u00e8me","value":"Zonder embleem","price":"","pimage":"http:\/\/136.144.206.149\/~bimmer\/wp-content\/uploads\/2021\/10\/none.jpg","pimage_id":"2115","pthumb":"http:\/\/136.144.206.149\/~bimmer\/wp-content\/uploads\/2021\/10\/none-150x150.jpg","productImage":{"title":"none","caption":"","url":"https:\/\/bimmermasterpieces.com\/wp-content\/uploads\/2021\/10\/none.jpg","alt":"none","src":"https:\/\/bimmermasterpieces.com\/wp-content\/uploads\/2021\/10\/none-600x260.jpg","srcset":"https:\/\/bimmermasterpieces.com\/wp-content\/uploads\/2021\/10\/none-600x260.jpg 600w, https:\/\/bimmermasterpieces.com\/wp-content\/uploads\/2021\/10\/none-480x208.jpg 480w, https:\/\/bimmermasterpieces.com\/wp-content\/uploads\/2021\/10\/none-640x278.jpg 640w, https:\/\/bimmermasterpieces.com\/wp-content\/uploads\/2021\/10\/none-720x312.jpg 720w, https:\/\/bimmermasterpieces.com\/wp-content\/uploads\/2021\/10\/none-960x417.jpg 960w, https:\/\/bimmermasterpieces.com\/wp-content\/uploads\/2021\/10\/none-300x130.jpg 300w, https:\/\/bimmermasterpieces.com\/wp-content\/uploads\/2021\/10\/none-768x333.jpg 768w, https:\/\/bimmermasterpieces.com\/wp-content\/uploads\/2021\/10\/none-1024x444.jpg 1024w, https:\/\/bimmermasterpieces.com\/wp-content\/uploads\/2021\/10\/none.jpg 1076w","sizes":"(max-width: 600px) 100vw, 600px","full_src":"https:\/\/bimmermasterpieces.com\/wp-content\/uploads\/2021\/10\/none.jpg","full_src_w":1076,"full_src_h":467,"gallery_thumbnail_src":"https:\/\/bimmermasterpieces.com\/wp-content\/uploads\/2021\/10\/none-100x100.jpg","gallery_thumbnail_src_w":100,"gallery_thumbnail_src_h":100,"thumb_src":"https:\/\/bimmermasterpieces.com\/wp-content\/uploads\/2021\/10\/none-300x300.jpg","thumb_src_w":300,"thumb_src_h":300,"src_w":600,"src_h":260,"image_id":"2115"},"gt_translate_keys":["label"]},{"label":"Avec l'embl\u00e8me M","value":"Met M-embleem","price":"10","pimage":"http:\/\/136.144.206.149\/~bimmer\/wp-content\/uploads\/2021\/10\/M.jpg","pimage_id":"2111","pthumb":"http:\/\/136.144.206.149\/~bimmer\/wp-content\/uploads\/2021\/10\/M-150x150.jpg","productImage":{"title":"M","caption":"","url":"https:\/\/bimmermasterpieces.com\/wp-content\/uploads\/2021\/10\/M.jpg","alt":"M","src":"https:\/\/bimmermasterpieces.com\/wp-content\/uploads\/2021\/10\/M-600x249.jpg","srcset":"https:\/\/bimmermasterpieces.com\/wp-content\/uploads\/2021\/10\/M-600x249.jpg 600w, https:\/\/bimmermasterpieces.com\/wp-content\/uploads\/2021\/10\/M-480x199.jpg 480w, https:\/\/bimmermasterpieces.com\/wp-content\/uploads\/2021\/10\/M-640x266.jpg 640w, https:\/\/bimmermasterpieces.com\/wp-content\/uploads\/2021\/10\/M-720x299.jpg 720w, https:\/\/bimmermasterpieces.com\/wp-content\/uploads\/2021\/10\/M-960x399.jpg 960w, https:\/\/bimmermasterpieces.com\/wp-content\/uploads\/2021\/10\/M-300x125.jpg 300w, https:\/\/bimmermasterpieces.com\/wp-content\/uploads\/2021\/10\/M-768x319.jpg 768w, https:\/\/bimmermasterpieces.com\/wp-content\/uploads\/2021\/10\/M-1024x425.jpg 1024w, https:\/\/bimmermasterpieces.com\/wp-content\/uploads\/2021\/10\/M.jpg 1165w","sizes":"(max-width: 600px) 100vw, 600px","full_src":"https:\/\/bimmermasterpieces.com\/wp-content\/uploads\/2021\/10\/M.jpg","full_src_w":1165,"full_src_h":484,"gallery_thumbnail_src":"https:\/\/bimmermasterpieces.com\/wp-content\/uploads\/2021\/10\/M-100x100.jpg","gallery_thumbnail_src_w":100,"gallery_thumbnail_src_h":100,"thumb_src":"https:\/\/bimmermasterpieces.com\/wp-content\/uploads\/2021\/10\/M-300x300.jpg","thumb_src_w":300,"thumb_src_h":300,"src_w":600,"src_h":249,"image_id":"2111"},"gt_translate_keys":["label"]}],"relations":[{"operator":false,"rules":[{"operator":false,"rules":{"cl_field":"wcpa-select-1634034188628","cl_relation":"is","cl_val":"option-2"}}]}],"price":0,"active":true,"tooltip":"","error":false,"gt_translate_keys":["label","placeholder","tooltip"],"price_dependency":false,"cl_dependency":false,"value":""}]]}},"config":{"price_override":"","enable_recaptcha":false,"bind_quantity":false,"quantity_bind_formula":false,"disp_summ_show_option_price":false,"disp_summ_show_product_price":false,"disp_summ_show_total_price":true,"disp_summ_show_fee":false,"disp_summ_show_discount":false,"summary_title":"","options_total_label":"Options Price","total_label":"Total","options_product_label":"Product Price","fee_label":"Fee","discount_label":"Discount","has_price":true,"has_quantity_formula":false},"mc_unit":1,"tax_rate":1,"tax_rate_real":1,"discount":{"percentage":0,"fixed":0},"design":{"conf":{"LabelPosition":"above","DescPosition":"above","UploadField":"custom_1","QuantityFieldStyle":"default"},"css":{"LeftLabelWidth":"120px"}},"formulas":[],"lookuptables":[],"clones":false,"cartKey":false}},"_links":{"self":[{"href":"https:\/\/bimmermasterpieces.com\/fr\/wp-json\/wp\/v2\/product\/2124","targetHints":{"allow":["GET"]}}],"collection":[{"href":"https:\/\/bimmermasterpieces.com\/fr\/wp-json\/wp\/v2\/product"}],"about":[{"href":"https:\/\/bimmermasterpieces.com\/fr\/wp-json\/wp\/v2\/types\/product"}],"wp:featuredmedia":[{"embeddable":true,"href":"https:\/\/bimmermasterpieces.com\/fr\/wp-json\/wp\/v2\/media\/2121"}],"wp:attachment":[{"href":"https:\/\/bimmermasterpieces.com\/fr\/wp-json\/wp\/v2\/media?parent=2124"}],"wp:term":[{"taxonomy":"product_brand","embeddable":true,"href":"https:\/\/bimmermasterpieces.com\/fr\/wp-json\/wp\/v2\/product_brand?post=2124"},{"taxonomy":"product_cat","embeddable":true,"href":"https:\/\/bimmermasterpieces.com\/fr\/wp-json\/wp\/v2\/product_cat?post=2124"},{"taxonomy":"product_tag","embeddable":true,"href":"https:\/\/bimmermasterpieces.com\/fr\/wp-json\/wp\/v2\/product_tag?post=2124"}],"curies":[{"name":"wp","href":"https:\/\/api.w.org\/{rel}","templated":true}]}}