{"id":2132,"date":"2021-10-07T14:00:58","date_gmt":"2021-10-07T14:33:58","guid":{"rendered":"http:\/\/136.144.206.149\/~bimmer\/product\/bmw-alcantara-revetement\/"},"modified":"2023-01-30T18:07:15","modified_gmt":"2023-01-30T16:07:15","slug":"bmw-alcantara-revetement","status":"publish","type":"product","link":"https:\/\/bimmermasterpieces.com\/fr\/produit\/bmw-alcantara-revetement\/","title":{"rendered":"BMW Alcantara rev\u00eatement"},"content":{"rendered":"<p>C\u2019est la raison pour laquelle nous avons fabriqu\u00e9 un remarquable rev\u00eatement en alcantara ou du cuir pour le compteur de vitesse et le compte-tours. Gr\u00e2ce \u00e0 l\u2019effet optique l\u2019int\u00e9rieur aura un aspect plus noble et aura plus d\u2019allure et se distinguera ainsi beaucoup de la s\u00e9rie-2 de base. Nous proposons en outre \u00e9galement le m\u00eame rev\u00eatement recouvert d\u2019alcantara ou du cuir (voir photos) pour les s\u00e9ries 1 et 2, ainsi que bon nombre d'\u00e9l\u00e9ments premium de qualit\u00e9 (voir plus loin sur notre site) qui s'harmonisent parfaitement bien \u00e0 l'int\u00e9rieur existant et ainsi apporte une mise \u00e0 niveau tr\u00e8s importante.<\/p>\n<p>Informations produit :<\/p>\n<figure><img loading=\"lazy\" decoding=\"async\" src=\"https:\/\/bimmermasterpieces.com\/wp-content\/uploads\/2021\/10\/Zwartekapachterbewerkt-1klein.jpg\" width=\"250\" height=\"250\" \/> <img loading=\"lazy\" decoding=\"async\" src=\"https:\/\/bimmermasterpieces.com\/wp-content\/uploads\/2021\/10\/DSC0909.jpg\" width=\"250\" height=\"250\" \/><figcaption>Plastic rev\u00eatement , pr\u00eat pour le Tapissier.<\/figcaption><\/figure>\n<p>&nbsp;<\/p>\n<p>Le rev\u00eatement est fabriqu\u00e9 en plastique de qualit\u00e9 sup\u00e9rieure et r\u00e9siste \u00e0 des temp\u00e9ratures allant jusqu\u2019\u00e0 92 degr\u00e9s Celsius avant de se d\u00e9former. Le rev\u00eatement est recouvert d\u2019un alcantara de classe 1, qui est du m\u00eame type que celui utilis\u00e9 par BMW. La couleur de l\u2019alcantara est \u00e9galement identique \u00e0 la couleur utilis\u00e9e par BMW. Pour r\u00e9sum\u00e9, on parle ici d\u2019un niveau de produit conforme \u00e0 la norme d\u2019usine.<\/p>\n<p>Montage : Le rev\u00eatement a une forme permettant \u00e0 n\u2019importe qui d\u2019en effectuer le montage. La forme particuli\u00e8re du rev\u00eatement permet un ajustement parfait qui, une fois le rev\u00eatement mont\u00e9, maintiendra celui-ci en place, gr\u00e2ce au bord droit, et ce sans devoir utiliser de colle ou d\u2019autre moyen. Vous devez savoir qu'\u00e0 cause d'un profond \u00ab retrait \u00bb autour du capot sur le tableau de bord d'origine, notre capot s'y \u00ab enfonce \u00bb, ce qui fait qu'il s'adapte parfaitement. Le montage et le d\u00e9montage <span class=\"highlight\">durent seulement 10 minutes<\/span>. Il importe que vous sachiez que le d\u00e9montage du rev\u00eatement ne laisse pas de trace.<\/p>\n<ul>\n<li>Le couleur du alcantara de la Performance-volant est <strong>Noir<\/strong>. Le couleur du Alcantara 1 et 2 S\u00e9rie est noir\/gris!<\/li>\n<li><strong>Le tableau de bord du M2, mod\u00e8le 1 (F) et mod\u00e8le 2, est identique.<\/strong><\/li>\n<li><em>Nous employer le original couleur du lin ( fil ).<\/em><\/li>\n<li>Nous employer le original de cuir<\/li>\n<li>Nous employer aussi tous rev\u00eatment -modeles avec du lin blanc , rouge et noir. ( envoyer un mail )<\/li>\n<li><strong>Aussi disponible pour conducteur droitier<\/strong><\/li>\n<li>Seulement adapt\u00e9 aux mod\u00e8les de juin 2017<\/li>\n<li>Made in the Netherlands<\/li>\n<\/ul>\n<h3>Le opinion de notre client\u00e8le:<\/h3>\n<ul>\n<li>ROMEO: <a title=\"Raving review by ROMEO\" href=\"http:\/\/f87.bimmerpost.com\/forums\/showthread.php?t=1390157\" target=\"_blank\" rel=\"noopener\">http:\/\/f87.bimmerpost.com\/forums\/showthread.php?t=1390157<\/a><\/li>\n<li>MerlinPurple: <a title=\"Awesome review by MerlinPurple\" href=\"http:\/\/f87.bimmerpost.com\/forums\/showpost.php?p=21692703&amp;postcount=14\" target=\"_blank\" rel=\"noopener\">http:\/\/f87.bimmerpost.com\/forums\/showpost.php?p=21692703&amp;postcount=14<\/a><\/li>\n<li>PhiL: <a title=\"Great review by PhiL\" href=\"http:\/\/f87.bimmerpost.com\/forums\/showpost.php?p=21749640&amp;postcount=58\" target=\"_blank\" rel=\"noopener\">http:\/\/f87.bimmerpost.com\/forums\/showpost.php?p=21749640&amp;postcount=58<\/a><\/li>\n<\/ul>\n<p>Autres design-d\u00e9sirer? (Alcantara couleur-combinaison). Envoyer une mail svp: <a title=\"Mail us\" href=\"mailto:info@bimmermasterpieces.com\">info@bimmermasterpieces.com<\/a><\/p>\n","protected":false},"excerpt":{"rendered":"<h4>EN R\u00c9F\u00c9RENCE AUX MOD\u00c8LES BMW 1M<\/h4>\n<p>L\u2019int\u00e9rieur de la M2 est, \u00e0 l\u2019exception de quelques pi\u00e8ces en carbone, pratiquement identique \u00e0 la s\u00e9rie-2 de base, et ce contrairement aux mod\u00e8les BMW 1 M et M3\/M4. L'effet int\u00e9rieur premium que I'on attendait de la M2 est malheureusement absent selon de nombreux membres du forum BMW et bon nombre de journalistes automobiles.<\/p>\n<p><a href=\"https:\/\/www.facebook.com\/pg\/Bimmer-Masterpieces-727398880763569\/photos\/?tab=album&amp;album_id=727399360763521\" target=\"_blank\" rel=\"noopener\">Click ici, pour plus photo's<\/a><\/p>\n<h4>sorties diff\u00e9rentes ( voir menu de s\u00e9lection )<\/h4>\n","protected":false},"featured_media":261,"template":"","meta":{"_acf_changed":false},"product_brand":[],"product_cat":[],"product_tag":[],"class_list":{"0":"post-2132","1":"product","2":"type-product","3":"status-publish","4":"has-post-thumbnail","7":"first","8":"instock","9":"shipping-taxable","10":"purchasable","11":"product-type-variable"},"acf":[],"wcpa_form_fields":null,"_links":{"self":[{"href":"https:\/\/bimmermasterpieces.com\/fr\/wp-json\/wp\/v2\/product\/2132","targetHints":{"allow":["GET"]}}],"collection":[{"href":"https:\/\/bimmermasterpieces.com\/fr\/wp-json\/wp\/v2\/product"}],"about":[{"href":"https:\/\/bimmermasterpieces.com\/fr\/wp-json\/wp\/v2\/types\/product"}],"wp:featuredmedia":[{"embeddable":true,"href":"https:\/\/bimmermasterpieces.com\/fr\/wp-json\/wp\/v2\/media\/261"}],"wp:attachment":[{"href":"https:\/\/bimmermasterpieces.com\/fr\/wp-json\/wp\/v2\/media?parent=2132"}],"wp:term":[{"taxonomy":"product_brand","embeddable":true,"href":"https:\/\/bimmermasterpieces.com\/fr\/wp-json\/wp\/v2\/product_brand?post=2132"},{"taxonomy":"product_cat","embeddable":true,"href":"https:\/\/bimmermasterpieces.com\/fr\/wp-json\/wp\/v2\/product_cat?post=2132"},{"taxonomy":"product_tag","embeddable":true,"href":"https:\/\/bimmermasterpieces.com\/fr\/wp-json\/wp\/v2\/product_tag?post=2132"}],"curies":[{"name":"wp","href":"https:\/\/api.w.org\/{rel}","templated":true}]}}