{"id":228,"date":"2021-10-07T15:46:58","date_gmt":"2021-10-07T13:46:58","guid":{"rendered":"http:\/\/136.144.206.149\/~bimmer\/product\/bmw-la-fibre-de-carbone-revetement-lci\/"},"modified":"2022-05-31T08:31:55","modified_gmt":"2022-05-31T06:31:55","slug":"bmw-la-fibre-de-carbone-revetement-lci","status":"publish","type":"product","link":"https:\/\/bimmermasterpieces.com\/fr\/produit\/bmw-la-fibre-de-carbone-revetement-lci\/","title":{"rendered":"BMW La fibre de carbone rev\u00eatement (LCI)"},"content":{"rendered":"","protected":false},"excerpt":{"rendered":"<h4>LA COURONNE ,, MANQUANTE\"<\/h4>\n<p>L interieur du M2 est richement equipe en Fibre de Carbone , mais a notre avis la couronne ne devrait pas manquer<\/p>\n<p>Les contours de la partie inf\u00e9rieure de la partie sup\u00e9rieure de la combinaison de l'instrument nous incitent \u00e0 cr\u00e9er un superbe capot harmonique et haut \/ retenu de gamme et Carbonfiber pour le tableau de bord LCI.<\/p>\n<p>La coupe est OEM.<\/p>\n<p>Le montage peut \u00eatre effectu\u00e9 par l'importation et quelques minutes sans outils et SANS dommage permanent!<\/p>\n<p><a href=\"https:\/\/www.facebook.com\/pg\/Bimmermasterpieces\/photos\/?tab=album&amp;album_id=1185183174985135\" target=\"_blank\" rel=\"noopener\">Click ici, pour plus photo's<\/a><\/p>\n<p>En raison des couts de developpement et de moulage tres eleves d une part , et du nombre relativement beaucoup plus bas de voitures a conduite a droite , nous avons laisse le developpement d un capot pour la voiture a conduite a droite dependre du nombre de courrriels ( convaincants ) que nous recevons a ce sujet ( il vous oblige a rien !! )<\/p>\n<h4>sorties diff\u00e9rentes ( voir menu de s\u00e9lection )<\/h4>\n","protected":false},"featured_media":222,"template":"","meta":{"_acf_changed":false},"product_brand":[],"product_cat":[15],"product_tag":[],"class_list":{"0":"post-228","1":"product","2":"type-product","3":"status-publish","4":"has-post-thumbnail","6":"product_cat-geen-categorie","8":"first","9":"instock","10":"shipping-taxable","11":"purchasable","12":"product-type-variable"},"acf":[],"wcpa_form_fields":null,"_links":{"self":[{"href":"https:\/\/bimmermasterpieces.com\/fr\/wp-json\/wp\/v2\/product\/228","targetHints":{"allow":["GET"]}}],"collection":[{"href":"https:\/\/bimmermasterpieces.com\/fr\/wp-json\/wp\/v2\/product"}],"about":[{"href":"https:\/\/bimmermasterpieces.com\/fr\/wp-json\/wp\/v2\/types\/product"}],"wp:featuredmedia":[{"embeddable":true,"href":"https:\/\/bimmermasterpieces.com\/fr\/wp-json\/wp\/v2\/media\/222"}],"wp:attachment":[{"href":"https:\/\/bimmermasterpieces.com\/fr\/wp-json\/wp\/v2\/media?parent=228"}],"wp:term":[{"taxonomy":"product_brand","embeddable":true,"href":"https:\/\/bimmermasterpieces.com\/fr\/wp-json\/wp\/v2\/product_brand?post=228"},{"taxonomy":"product_cat","embeddable":true,"href":"https:\/\/bimmermasterpieces.com\/fr\/wp-json\/wp\/v2\/product_cat?post=228"},{"taxonomy":"product_tag","embeddable":true,"href":"https:\/\/bimmermasterpieces.com\/fr\/wp-json\/wp\/v2\/product_tag?post=228"}],"curies":[{"name":"wp","href":"https:\/\/api.w.org\/{rel}","templated":true}]}}