{"id":395,"date":"2021-10-07T14:05:16","date_gmt":"2021-10-07T14:37:16","guid":{"rendered":"http:\/\/136.144.206.149\/~bimmer\/product\/bmw-revetement-carbon\/"},"modified":"2023-02-01T20:40:51","modified_gmt":"2023-02-01T18:40:51","slug":"bmw-revetement-carbon","status":"publish","type":"product","link":"https:\/\/bimmermasterpieces.com\/fr\/produit\/bmw-revetement-carbon\/","title":{"rendered":"BMW rev\u00eatement Carbon"},"content":{"rendered":"","protected":false},"excerpt":{"rendered":"<p class=\"short aw_text_component aw_component aw_display_component aw_group_component aw_group_component_small\">Rev\u00eatement en alcantara pour le compteur de vitesse et le compte-tours (M2 et s\u00e9rie 1- et 2-) \" Jusqu'au 05\/2017 \"<\/p>\n<div class=\"description aw_component aw_container_component\">\n<h4>EN R\u00c9F\u00c9RENCE AUX MOD\u00c8LES BMW 1M et M3\/M4<\/h4>\n<p>L\u2019int\u00e9rieur de la M2 est, \u00e0 l\u2019exception de quelques pi\u00e8ces en carbone, pratiquement identique \u00e0 la s\u00e9rie-2 de base, et ce contrairement aux mod\u00e8les BMW 1 M et M3\/M4. L'effet int\u00e9rieur premium que I'on attendait de la M2 est malheureusement absent selon de nombreux membres du forum BMW et bon nombre de journalistes automobiles.<\/p>\n<\/div>\n","protected":false},"featured_media":368,"template":"","meta":{"_acf_changed":false},"product_brand":[],"product_cat":[],"product_tag":[],"class_list":{"0":"post-395","1":"product","2":"type-product","3":"status-publish","4":"has-post-thumbnail","7":"first","8":"instock","9":"shipping-taxable","10":"purchasable","11":"product-type-simple"},"acf":[],"wcpa_form_fields":null,"_links":{"self":[{"href":"https:\/\/bimmermasterpieces.com\/fr\/wp-json\/wp\/v2\/product\/395","targetHints":{"allow":["GET"]}}],"collection":[{"href":"https:\/\/bimmermasterpieces.com\/fr\/wp-json\/wp\/v2\/product"}],"about":[{"href":"https:\/\/bimmermasterpieces.com\/fr\/wp-json\/wp\/v2\/types\/product"}],"wp:featuredmedia":[{"embeddable":true,"href":"https:\/\/bimmermasterpieces.com\/fr\/wp-json\/wp\/v2\/media\/368"}],"wp:attachment":[{"href":"https:\/\/bimmermasterpieces.com\/fr\/wp-json\/wp\/v2\/media?parent=395"}],"wp:term":[{"taxonomy":"product_brand","embeddable":true,"href":"https:\/\/bimmermasterpieces.com\/fr\/wp-json\/wp\/v2\/product_brand?post=395"},{"taxonomy":"product_cat","embeddable":true,"href":"https:\/\/bimmermasterpieces.com\/fr\/wp-json\/wp\/v2\/product_cat?post=395"},{"taxonomy":"product_tag","embeddable":true,"href":"https:\/\/bimmermasterpieces.com\/fr\/wp-json\/wp\/v2\/product_tag?post=395"}],"curies":[{"name":"wp","href":"https:\/\/api.w.org\/{rel}","templated":true}]}}