{"id":682,"date":"2021-10-08T09:18:53","date_gmt":"2021-10-08T07:18:53","guid":{"rendered":"http:\/\/136.144.206.149\/~bimmer\/product\/support-genoux\/"},"modified":"2024-08-24T19:37:30","modified_gmt":"2024-08-24T17:37:30","slug":"support-genoux","status":"publish","type":"product","link":"https:\/\/bimmermasterpieces.com\/fr\/produit\/support-genoux\/","title":{"rendered":"BMW Support Genoux"},"content":{"rendered":"<ul>\n<li>Le montage se fait au moyen d\u2019une bande adh\u00e9sive sp\u00e9ciale, de sorte qu\u2019il n\u2019y ait pas de d\u00e9g\u00e2t permanent et que le support original puisse \u00eatre r\u00e9install\u00e9 \u00e0 tout moment\u00a0!<\/li>\n<li>Nous employer le original de cuir<\/li>\n<li><em>Nous employer le original couleur du lin ( fil ).<\/em><\/li>\n<li>Made in the Netherlands<\/li>\n<\/ul>\n<p>Autres design-d\u00e9sirer? (Alcantara couleur-combinaison). Envoyer une mail svp: <a href=\"mailto:info@bimmermasterpieces.com\">info@bimmermasterpieces.com<\/a><\/p>\n","protected":false},"excerpt":{"rendered":"<p>BMW a pos\u00e9 dans la M2 un support genoux (c\u00f4t\u00e9 lat\u00e9ral du genou) sur le c\u00f4t\u00e9 de la console du milieu (<a href=\"http:\/\/f87.bimmerpost.com\/goodiesforyou\/m\/m2\/f87\/launch\/ontrack\/BMW%20M2%20Coupe_137.jpg\" target=\"_blank\" rel=\"noopener\">voir photo<\/a>), telle chose \u00e0 titre de support du genou pendant les longs voyages et comme support lors de la prise de virages rapides. Toutefois, vu la d\u00e9termination de l\u2019emplacement et la br\u00e8ve longueur, ce support genoux offre uniquement du support \u00e0 des conducteurs de plus petite taille! C\u2019est pourquoi nous l\u2019avons prolong\u00e9, de sorte que le support genoux puisse \u00eatre fonctionnel aussi pour les autres conducteurs. Pour plus confort de notre Support Genoux nous utiliser 50% d`extra mousse de caoutchouc.<\/p>\n<p><a href=\"https:\/\/www.facebook.com\/media\/set\/?set=a.743089509194506&amp;type=3\" target=\"_blank\" rel=\"noopener\">Click ici, pour plus photo's<\/a><\/p>\n<p>BMW M3\/M4 Cuir nappa d 'orgine ( Noir )<\/p>\n<h4>sorties diff\u00e9rentes ( voir menu de s\u00e9lection )<\/h4>\n","protected":false},"featured_media":482,"template":"","meta":{"_acf_changed":false},"product_brand":[],"product_cat":[15],"product_tag":[],"class_list":{"0":"post-682","1":"product","2":"type-product","3":"status-publish","4":"has-post-thumbnail","6":"product_cat-geen-categorie","7":"wcpa_has_options","9":"first","10":"instock","11":"shipping-taxable","12":"purchasable","13":"product-type-simple"},"acf":[],"wcpa_form_fields":{"wcpaData":{"product":{"product_price":137,"price_html":"<span class=\"woocommerce-Price-amount amount\"><bdi><span class=\"woocommerce-Price-currencySymbol\">&euro;<\/span>&nbsp;137,00<\/bdi><\/span>","original_product_price":137,"price_including_tax":137,"price_excluding_tax":137,"product_id":{"parent":682,"variation":false},"is_variable":false,"stock_status":"instock","stock_quantity":null,"parent_sku":"","product_attributes":{"pa_model":{"is_variation":false,"values":["f20-f21-f22-f23-fr","f30-f31f32-f36-fr","m2-m2c-m2cs-fr","m3-fr","m4-fr"]},"pa_links-rechtsgestuurd":{"is_variation":false,"values":["conduite-a-droite","conduite-a-gauche"]},"pa_kleuren":{"is_variation":false,"values":["alcantara-noir-coutures-blanches","alcantara-noir-coutures-bleues-m2","alcantara-noir-coutures-blue-estoril","alcantara-noir-coutures-rouges","alcantara-noir-et-surpiqure-gris-argent","alcantara-noir-et-surpiqure-m-point-de-cois-a-3-fils","alcantara-noir-et-surpiqure-noir","alcantara-noir-et-surpiqure-orange","cuir-noir-coutures-rouges","cuir-noir-surpiqure-bleue","cuir-noir-surpiqure-bleue-estoril","cuir-noir-et-surpiqure-blanc","cuir-noir-et-surpiqure-gris-argent","cuir-noir-et-surpiqure-m-point-de-cois-a-3-fils","cuir-noir-et-surpiqure-noir","cuir-noir-et-surpiqure-orange"]}},"custom_fields":[],"is_taxable":false,"product_name":"BMW Support Genoux","hasImage":false},"fields":{"sec_8651ad83bdaf09":{"extra":{"key":"sec_8651ad83bdaf09","section_id":"sec_8651ad83bdaf09","name":"Default","status":1,"cl_rule":"show","enableCl":false,"relations":[],"toggle":true,"title_tag":"h3","show_title":false,"showPrice":"default","form_id":8400514,"form_rules":{"exclude_from_discount":false,"fee_label":"Fee","disp_hide_options_price":true,"disp_show_section_price":false,"disp_show_field_price":false,"layout_option":"standard","pric_use_as_fee":false,"process_fee_as":"woo_fee"},"layout_option":"standard"},"fields":[[{"type":"select","elementId":"wcpa-select-1640165534218","label":"Mannequin","placeholder":"fais ton choix","priceOptions":"different_for_all","pricingType":"fixed","name":"select-1640165534218","cl_rule":"show","col":6,"values":[{"label":"F20, F21, F22, F23","value":"F20, F21, F22, F23","price":"137","pimage":"","pimage_id":"","pthumb":"","tempId":"aco_59","gt_translate_keys":["label"]},{"label":"F30, F31, F32, F36","value":"F30, F31, F32, F36","price":"137","pimage":"","pimage_id":"","pthumb":"","tempId":"aco_60","gt_translate_keys":["label"]},{"label":"F40","value":"F40","selected":false,"tempId":"aco_30","price":"88","pimage":"https:\/\/bimmermasterpieces.com\/wp-content\/uploads\/2023\/12\/DSC_0717-1.jpg","pthumb":"https:\/\/bimmermasterpieces.com\/wp-content\/uploads\/2023\/12\/DSC_0717-1-150x150.jpg","pimage_id":8401570,"productImage":{"title":"DSC_0717","caption":"","url":"https:\/\/bimmermasterpieces.com\/wp-content\/uploads\/2023\/12\/DSC_0717-1.jpg","alt":"DSC_0717","src":"https:\/\/bimmermasterpieces.com\/wp-content\/uploads\/2023\/12\/DSC_0717-1-600x399.jpg","srcset":"https:\/\/bimmermasterpieces.com\/wp-content\/uploads\/2023\/12\/DSC_0717-1-600x399.jpg 600w, https:\/\/bimmermasterpieces.com\/wp-content\/uploads\/2023\/12\/DSC_0717-1-300x200.jpg 300w, https:\/\/bimmermasterpieces.com\/wp-content\/uploads\/2023\/12\/DSC_0717-1-1024x681.jpg 1024w, https:\/\/bimmermasterpieces.com\/wp-content\/uploads\/2023\/12\/DSC_0717-1-768x511.jpg 768w, https:\/\/bimmermasterpieces.com\/wp-content\/uploads\/2023\/12\/DSC_0717-1-480x319.jpg 480w, https:\/\/bimmermasterpieces.com\/wp-content\/uploads\/2023\/12\/DSC_0717-1-640x426.jpg 640w, https:\/\/bimmermasterpieces.com\/wp-content\/uploads\/2023\/12\/DSC_0717-1-720x479.jpg 720w, https:\/\/bimmermasterpieces.com\/wp-content\/uploads\/2023\/12\/DSC_0717-1-960x638.jpg 960w, https:\/\/bimmermasterpieces.com\/wp-content\/uploads\/2023\/12\/DSC_0717-1-1168x777.jpg 1168w, https:\/\/bimmermasterpieces.com\/wp-content\/uploads\/2023\/12\/DSC_0717-1.jpg 1200w","sizes":"(max-width: 600px) 100vw, 600px","full_src":"https:\/\/bimmermasterpieces.com\/wp-content\/uploads\/2023\/12\/DSC_0717-1.jpg","full_src_w":1200,"full_src_h":798,"gallery_thumbnail_src":"https:\/\/bimmermasterpieces.com\/wp-content\/uploads\/2023\/12\/DSC_0717-1-100x100.jpg","gallery_thumbnail_src_w":100,"gallery_thumbnail_src_h":100,"thumb_src":"https:\/\/bimmermasterpieces.com\/wp-content\/uploads\/2023\/12\/DSC_0717-1-300x300.jpg","thumb_src_w":300,"thumb_src_h":300,"src_w":600,"src_h":399,"image_id":8401570},"gt_translate_keys":["label"]},{"label":"M2, M2C","value":"M2, M2C","price":"137","pimage":"","pimage_id":"","pthumb":"","tempId":"aco_61","gt_translate_keys":["label"]},{"label":"M2CS","value":"M2cs","price":"137","pimage":"","pimage_id":"","pthumb":"","tempId":"aco_62","gt_translate_keys":["label"]},{"label":"M3","value":"M3","price":"137","pimage":"","pimage_id":"","pthumb":"","tempId":"aco_63","gt_translate_keys":["label"]},{"label":"M4","value":"M4","price":"137","pimage":"","pimage_id":"","pthumb":"","tempId":"aco_64","gt_translate_keys":["label"]}],"relations":false,"active":true,"tooltip":"","dropdown_type":"basic","error":false,"enablePrice":true,"enable_product_image":true,"gt_translate_keys":["label","placeholder","tooltip"],"price_dependency":false,"cl_dependency":["select_7672200484","wcpa-select-1640165653193","wcpa-select-1640165653193","wcpa-select-1640165708316","wcpa-select-1640165708316","select-8089384147","wcpa-select-1640166559730","wcpa-select-1640166559730","wcpa-select-1640166350889","wcpa-select-1640166511248"],"value":""}],[{"active":true,"col":6,"relations":[{"operator":false,"rules":[{"operator":"AND","rules":{"cl_field":"wcpa-select-1640165534218","cl_relation":"is","cl_val":"F40"}}]}],"cl_rule":"show","enableCl":true,"price":"","enablePrice":true,"className":"","label_position":"default","desc_position":"default","type":"select","required":false,"elementId":"select_7672200484","label":"Choisissez votre camp","name":"select_7672200484","values":[{"label":"conduite \u00e0 gauche","value":"linksgestuurd","selected":false,"tempId":"aco_602","gt_translate_keys":["label"]},{"label":"conduite \u00e0 Driote","value":"rechtsgestuurd","selected":false,"tempId":"aco_603","gt_translate_keys":["label"]},{"label":"Jeu","value":"Set","selected":false,"tempId":"aco_604","price":"76","gt_translate_keys":["label"]}],"dropdown_type":"basic","error":false,"priceOptions":"different_for_all","pricingType":"fixed","placeholder":"fais ton choix","gt_translate_keys":["label","placeholder"],"price_dependency":false,"cl_dependency":["select-8089384147"],"value":""}],[{"type":"select","elementId":"wcpa-select-1640165653193","label":"Conduite \u00e0 gauche ou \u00e0 droite","placeholder":"fais ton choix","priceOptions":"different_for_all","pricingType":"fixed","name":"select-1640165653193","cl_rule":"show","col":6,"values":[{"label":"conduite \u00e0 gauche","value":"Linksgestuurd","price":"","pimage":"","pimage_id":"","pthumb":"","gt_translate_keys":["label"]},{"label":"conduite \u00e0 Driote","value":"Rechtsgestuurd","price":"","pimage":"","pimage_id":"","pthumb":"","gt_translate_keys":["label"]}],"relations":[{"operator":false,"rules":[{"operator":"and","rules":{"cl_field":"wcpa-select-1640165534218","cl_relation":"is_not","cl_val":"f40"}},{"operator":"AND","rules":{"cl_field":"wcpa-select-1640165534218","cl_relation":"is_not_empty","cl_val":""}}]}],"active":true,"tooltip":"","dropdown_type":"basic","error":false,"enableCl":true,"gt_translate_keys":["label","placeholder","tooltip"],"price_dependency":false,"cl_dependency":false,"value":""}],[{"type":"select","elementId":"wcpa-select-1640165708316","label":"Couleur","placeholder":"fais ton choix","enablePrice":true,"priceOptions":"different_for_all","pricingType":"fixed","name":"select-1640165708316","enableCl":true,"cl_rule":"show","cl_val":"F30, F31, F32, F36","operator":"or","col":6,"values":[{"label":"Alcantara noir et surpiq\u00fbres bleues Estoril","value":"Zwart alcantara & blauw Estoril stikwerk","price":"","pimage":"","pimage_id":"","pthumb":"","gt_translate_keys":["label"]},{"label":"Alcantara Noir & Coutures Gris \/ Argent","value":"Zwart Alcantara & Grijs \/ Zilver stikwerk","price":"","pimage":"","pimage_id":"","pthumb":"","gt_translate_keys":["label"]},{"label":"Alcantara noir et coutures rouges","value":"Zwart Alcantara & Rood stikwerk","price":"","pimage":"","pimage_id":"","pthumb":"","gt_translate_keys":["label"]},{"label":"Alcantara noir et coutures noires","value":"Zwart Alcantara & Zwart stikwerk","price":"","pimage":"","pimage_id":"","pthumb":"","gt_translate_keys":["label"]},{"label":"Alcantara noir et coutures blanches","value":"Zwart Alcantara & Wit stikwerk","price":"","pimage":"","pimage_id":"","pthumb":"","gt_translate_keys":["label"]},{"label":"Cuir noir et coutures blanches","value":"Zwart Leer & Wit stikwerk","price":"","pimage":"","pimage_id":"","pthumb":"","gt_translate_keys":["label"]},{"label":"Alcantara noir & fil M-3 point de croix","value":"Zwart Alcantara & M-3 draads kruissteek","price":"12","pimage":"","pimage_id":"","pthumb":"","gt_translate_keys":["label"]},{"label":"Cuir noir et surpiq\u00fbres Estoril bleues","value":"Zwart Leer & blauw Estoril stikwerk","price":"","pimage":"","pimage_id":"","pthumb":"","gt_translate_keys":["label"]},{"label":"Cuir Noir & Coutures Gris \/ Argent","value":"Zwart Leer & Grijs \/ Zilver stikwerk","price":"","pimage":"","pimage_id":"","pthumb":"","gt_translate_keys":["label"]},{"label":"Cuir noir et coutures rouges","value":"Zwart Leer & Rood stikwerk","price":"","pimage":"","pimage_id":"","pthumb":"","gt_translate_keys":["label"]},{"label":"Cuir noir et coutures noires","value":"Zwart Leer & Zwart stikwerk","price":"","pimage":"","pimage_id":"","pthumb":"","gt_translate_keys":["label"]},{"label":"Point de croix en cuir noir et fil M-3","value":"Zwart Leer & M-3 draads kruissteek","price":"12","pimage":"","pimage_id":"","pthumb":"","gt_translate_keys":["label"]}],"relations":[{"operator":false,"rules":[{"operator":"or","rules":{"cl_field":"wcpa-select-1640165534218","cl_relation":"is","cl_val":"F20, F21, F22, F23"}},{"operator":false,"rules":{"cl_field":"wcpa-select-1640165534218","cl_relation":"is","cl_val":"F30, F31, F32, F36"}}]}],"price":0,"active":true,"tooltip":"","dropdown_type":"basic","error":false,"gt_translate_keys":["label","placeholder","tooltip"],"price_dependency":false,"cl_dependency":false,"value":""}],[{"label":"Couleur","active":true,"elementId":"select-8089384147","dropdown_type":"basic","placeholder":"fais ton choix","tooltip":"","name":"select-8089384147","enablePrice":true,"enableCl":true,"relations":[{"operator":false,"rules":[{"operator":"and","rules":{"cl_field":"wcpa-select-1640165534218","cl_relation":"is","cl_val":"F40"}},{"operator":"AND","rules":{"cl_field":"select_7672200484","cl_relation":"is_not_empty","cl_val":""}}]}],"values":[{"label":"Alcantara Noir & Coutures Gris \/ Argent","value":"Zwart Alcantara & Grijs \/ Zilver stikwerk","price":"","pimage":"","pimage_id":"","pthumb":"","tempId":"aco_206","gt_translate_keys":["label"]},{"label":"Alcantara noir et coutures rouges","value":"Zwart Alcantara & Rood stikwerk","price":"","pimage":"","pimage_id":"","pthumb":"","tempId":"aco_207","gt_translate_keys":["label"]},{"label":"Alcantara noir et coutures noires","value":"Zwart Alcantara & Zwart stikwerk","price":"","pimage":"","pimage_id":"","pthumb":"","tempId":"aco_208","gt_translate_keys":["label"]},{"label":"Alcantara noir et coutures blanches","value":"Zwart Alcantara & Wit stikwerk","price":"","pimage":"","pimage_id":"","pthumb":"","tempId":"aco_209","gt_translate_keys":["label"]},{"label":"Alcantara noir & fil M-3 point de croix","value":"Zwart Alcantara & M-3 draads kruissteek","price":"12","pimage":"","pimage_id":"","pthumb":"","tempId":"aco_211","gt_translate_keys":["label"]}],"priceOptions":"different_for_all","pricingType":"fixed","price":0,"cl_rule":"show","col":6,"type":"select","error":false,"gt_translate_keys":["label","placeholder","tooltip"],"price_dependency":false,"cl_dependency":false,"value":""}],[{"type":"select","elementId":"wcpa-select-1640166559730","label":"Couleur","placeholder":"fais ton choix","enablePrice":true,"priceOptions":"different_for_all","pricingType":"fixed","name":"select-1640166559725","enableCl":true,"cl_rule":"show","cl_val":"M4","operator":"or","col":6,"values":[{"label":"Alcantara Noir & Coutures Gris \/ Argent","value":"Zwart Alcantara & Grijs \/ Zilver stikwerk","price":"","pimage":"","pimage_id":"","pthumb":"","gt_translate_keys":["label"]},{"label":"Alcantara noir et coutures rouges","value":"Zwart Alcantara & Rood stikwerk","price":"","pimage":"","pimage_id":"","pthumb":"","gt_translate_keys":["label"]},{"label":"Alcantara noir et coutures noires","value":"Zwart Alcantara & Zwart stikwerk","price":"","pimage":"","pimage_id":"","pthumb":"","gt_translate_keys":["label"]},{"label":"Alcantara noir & fil M-3 point de croix","value":"Zwart Alcantara & M-3 draads kruissteek","price":"12","pimage":"","pimage_id":"","pthumb":"","gt_translate_keys":["label"]},{"label":"Cuir Noir & Coutures Gris \/ Argent","value":"Zwart Leer & Grijs \/ Zilver stikwerk","price":"","pimage":"","pimage_id":"","pthumb":"","gt_translate_keys":["label"]},{"label":"Cuir noir et coutures rouges","value":"Zwart Leer & Rood stikwerk","price":"","pimage":"","pimage_id":"","pthumb":"","gt_translate_keys":["label"]},{"label":"Cuir noir et coutures noires","value":"Zwart Leer & Zwart stikwerk","price":"","pimage":"","pimage_id":"","pthumb":"","gt_translate_keys":["label"]},{"label":"Point de croix en cuir noir et fil M-3","value":"Zwart Leer & M-3 draads kruissteek","price":"12","pimage":"","pimage_id":"","pthumb":"","gt_translate_keys":["label"]}],"relations":[{"operator":false,"rules":[{"operator":"or","rules":{"cl_field":"wcpa-select-1640165534218","cl_relation":"is","cl_val":"M3"}},{"operator":false,"rules":{"cl_field":"wcpa-select-1640165534218","cl_relation":"is","cl_val":"M4"}}]}],"price":0,"active":true,"tooltip":"","error":false,"gt_translate_keys":["label","placeholder","tooltip"],"price_dependency":false,"cl_dependency":false,"value":""}],[{"type":"select","elementId":"wcpa-select-1640166350889","label":"Couleur","placeholder":"fais ton choix","enablePrice":true,"priceOptions":"different_for_all","pricingType":"fixed","name":"select-1640166350885","enableCl":true,"cl_rule":"show","cl_val":"M2, M2C","col":6,"values":[{"label":"Alcantara noir et coutures bleues","value":"Zwart alcantara & Blauw stiksel","price":"","pimage":"","pimage_id":"","pthumb":"","gt_translate_keys":["label"]},{"label":"Alcantara noir et surpiq\u00fbres orange","value":"Zwart Alcantara & Oranje stikwerk","price":"","pimage":"","pimage_id":"","pthumb":"","gt_translate_keys":["label"]},{"label":"Alcantara noir & fil M-3 point de croix","value":"Zwart Alcantara & M-3 draads kruissteek","price":"12","pimage":"","pimage_id":"","pthumb":"","gt_translate_keys":["label"]},{"label":"Cuir noir et coutures bleues","value":"Zwart Leer & Blauw stikwerk","price":"","pimage":"","pimage_id":"","pthumb":"","gt_translate_keys":["label"]},{"label":"Cuir noir et coutures orange","value":"Zwart Leer & Oranje stikwerk","price":"","pimage":"","pimage_id":"","pthumb":"","gt_translate_keys":["label"]},{"label":"Point de croix en cuir noir et fil M-3","value":"Zwart Leer & M-3 draads kruissteek","price":"12","pimage":"","pimage_id":"","pthumb":"","gt_translate_keys":["label"]}],"relations":[{"operator":false,"rules":[{"operator":false,"rules":{"cl_field":"wcpa-select-1640165534218","cl_relation":"is","cl_val":"M2, M2C"}}]}],"price":0,"active":true,"tooltip":"","error":false,"gt_translate_keys":["label","placeholder","tooltip"],"price_dependency":false,"cl_dependency":false,"value":""}],[{"type":"select","elementId":"wcpa-select-1640166511248","label":"Couleur","placeholder":"fais ton choix","enablePrice":true,"priceOptions":"different_for_all","pricingType":"fixed","name":"select-1640166511244","enableCl":true,"cl_rule":"show","cl_val":"M2cs","col":6,"values":[{"label":"Alcantara noir et coutures rouges","value":"Zwart alcantara & Rood stikwerk","price":"","pimage":"","pimage_id":"","pthumb":"","gt_translate_keys":["label"]},{"label":"Cuir noir et coutures rouges","value":"Zwart Leer & Rood stikwerk","price":"","pimage":"","pimage_id":"","pthumb":"","gt_translate_keys":["label"]}],"relations":[{"operator":false,"rules":[{"operator":false,"rules":{"cl_field":"wcpa-select-1640165534218","cl_relation":"is","cl_val":"M2cs"}}]}],"price":0,"active":true,"tooltip":"","error":false,"gt_translate_keys":["label","placeholder","tooltip"],"price_dependency":false,"cl_dependency":false,"value":""}]]}},"config":{"price_override":"always","enable_recaptcha":false,"bind_quantity":false,"quantity_bind_formula":false,"disp_summ_show_option_price":false,"disp_summ_show_product_price":false,"disp_summ_show_total_price":true,"disp_summ_show_fee":false,"disp_summ_show_discount":false,"summary_title":"","options_total_label":"Options Price","total_label":"Total","options_product_label":"Product Price","fee_label":"Fee","discount_label":"Discount","has_price":true,"has_quantity_formula":false},"mc_unit":1,"tax_rate":1,"tax_rate_real":1,"discount":{"percentage":0,"fixed":0},"design":{"conf":{"LabelPosition":"above","DescPosition":"above","UploadField":"custom_1","QuantityFieldStyle":"default"},"css":{"LeftLabelWidth":"120px"}},"formulas":[],"lookuptables":[],"clones":false,"cartKey":false}},"_links":{"self":[{"href":"https:\/\/bimmermasterpieces.com\/fr\/wp-json\/wp\/v2\/product\/682","targetHints":{"allow":["GET"]}}],"collection":[{"href":"https:\/\/bimmermasterpieces.com\/fr\/wp-json\/wp\/v2\/product"}],"about":[{"href":"https:\/\/bimmermasterpieces.com\/fr\/wp-json\/wp\/v2\/types\/product"}],"wp:featuredmedia":[{"embeddable":true,"href":"https:\/\/bimmermasterpieces.com\/fr\/wp-json\/wp\/v2\/media\/482"}],"wp:attachment":[{"href":"https:\/\/bimmermasterpieces.com\/fr\/wp-json\/wp\/v2\/media?parent=682"}],"wp:term":[{"taxonomy":"product_brand","embeddable":true,"href":"https:\/\/bimmermasterpieces.com\/fr\/wp-json\/wp\/v2\/product_brand?post=682"},{"taxonomy":"product_cat","embeddable":true,"href":"https:\/\/bimmermasterpieces.com\/fr\/wp-json\/wp\/v2\/product_cat?post=682"},{"taxonomy":"product_tag","embeddable":true,"href":"https:\/\/bimmermasterpieces.com\/fr\/wp-json\/wp\/v2\/product_tag?post=682"}],"curies":[{"name":"wp","href":"https:\/\/api.w.org\/{rel}","templated":true}]}}