{"id":8400553,"date":"2022-01-20T12:22:10","date_gmt":"2022-01-20T10:22:10","guid":{"rendered":"https:\/\/bimmermasterpieces.com\/ommeau-de-vitesse-dkg-en-fibre-de-carbon\/"},"modified":"2024-08-24T19:06:16","modified_gmt":"2024-08-24T17:06:16","slug":"ommeau-de-vitesse-dkg-en-fibre-de-carbon","status":"publish","type":"product","link":"https:\/\/bimmermasterpieces.com\/fr\/produit\/ommeau-de-vitesse-dkg-en-fibre-de-carbon\/","title":{"rendered":"Bmw Ommeau de vitesse DKG en fibre de carbon"},"content":{"rendered":"","protected":false},"excerpt":{"rendered":"<p>La magnifique selecteur de levier de vitesse M2-DKG lamin\u00e9 en Fibre de Carbone ,, seche \" fait partie du pack interieur BMW-PERFORMANCE en 3 pi\u00e8ces ( selecteur de levier de vitesse - plaque de pied, poign\u00e9e de vitesse et poignee de frein \u00e0 main. Prix environ\u20ac475 )<br \/>\nCependant , ces 3 produits ne sont pas disponibles s\u00e9par\u00e9ment.<\/p>\n<p>Notre qualit\u00e9 de laminage en Fibre de Carbone est equivalente \u00e0 celle de BMW<\/p>\n<p>L'assemblage est facile et un manuel est inclus<\/p>\n","protected":false},"featured_media":8400528,"template":"","meta":{"_acf_changed":false},"product_brand":[],"product_cat":[15],"product_tag":[],"class_list":{"0":"post-8400553","1":"product","2":"type-product","3":"status-publish","4":"has-post-thumbnail","6":"product_cat-geen-categorie","8":"first","9":"instock","10":"shipping-taxable","11":"purchasable","12":"product-type-simple"},"acf":[],"wcpa_form_fields":null,"_links":{"self":[{"href":"https:\/\/bimmermasterpieces.com\/fr\/wp-json\/wp\/v2\/product\/8400553","targetHints":{"allow":["GET"]}}],"collection":[{"href":"https:\/\/bimmermasterpieces.com\/fr\/wp-json\/wp\/v2\/product"}],"about":[{"href":"https:\/\/bimmermasterpieces.com\/fr\/wp-json\/wp\/v2\/types\/product"}],"wp:featuredmedia":[{"embeddable":true,"href":"https:\/\/bimmermasterpieces.com\/fr\/wp-json\/wp\/v2\/media\/8400528"}],"wp:attachment":[{"href":"https:\/\/bimmermasterpieces.com\/fr\/wp-json\/wp\/v2\/media?parent=8400553"}],"wp:term":[{"taxonomy":"product_brand","embeddable":true,"href":"https:\/\/bimmermasterpieces.com\/fr\/wp-json\/wp\/v2\/product_brand?post=8400553"},{"taxonomy":"product_cat","embeddable":true,"href":"https:\/\/bimmermasterpieces.com\/fr\/wp-json\/wp\/v2\/product_cat?post=8400553"},{"taxonomy":"product_tag","embeddable":true,"href":"https:\/\/bimmermasterpieces.com\/fr\/wp-json\/wp\/v2\/product_tag?post=8400553"}],"curies":[{"name":"wp","href":"https:\/\/api.w.org\/{rel}","templated":true}]}}