{"id":8400727,"date":"2022-05-20T19:03:06","date_gmt":"2022-05-20T17:03:06","guid":{"rendered":"https:\/\/bimmermasterpieces.com\/panneau-de-couverture-en-fibre-de-carbone-pour-commutateurs-de-vitres-electriques\/"},"modified":"2024-08-24T19:05:00","modified_gmt":"2024-08-24T17:05:00","slug":"panneau-en-fibre-de-carbone-pour-interrupteurs-de-leve-vitres-electriques","status":"publish","type":"product","link":"https:\/\/bimmermasterpieces.com\/fr\/produit\/panneau-en-fibre-de-carbone-pour-interrupteurs-de-leve-vitres-electriques\/","title":{"rendered":"Bmw Panneau en Fibre de Carbone pour interrupteurs de l\u00e8ve-vitres \u00e9lectriques"},"content":{"rendered":"","protected":false},"excerpt":{"rendered":"<p>Le panneau de commande de fen\u00eatre est une partie importante et tr\u00e8s utilis\u00e9e de l'interieur.<\/p>\n<p>Qu'est-ce que \u00e7a peut \u00eatre beau quand cette pi\u00e8ce n'est plus en platique, mais en fibre de carbone !<\/p>\n","protected":false},"featured_media":8400683,"template":"","meta":{"_acf_changed":false},"product_brand":[],"product_cat":[15],"product_tag":[],"class_list":{"0":"post-8400727","1":"product","2":"type-product","3":"status-publish","4":"has-post-thumbnail","6":"product_cat-geen-categorie","8":"first","9":"instock","10":"shipping-taxable","11":"purchasable","12":"product-type-variable"},"acf":[],"wcpa_form_fields":null,"_links":{"self":[{"href":"https:\/\/bimmermasterpieces.com\/fr\/wp-json\/wp\/v2\/product\/8400727","targetHints":{"allow":["GET"]}}],"collection":[{"href":"https:\/\/bimmermasterpieces.com\/fr\/wp-json\/wp\/v2\/product"}],"about":[{"href":"https:\/\/bimmermasterpieces.com\/fr\/wp-json\/wp\/v2\/types\/product"}],"wp:featuredmedia":[{"embeddable":true,"href":"https:\/\/bimmermasterpieces.com\/fr\/wp-json\/wp\/v2\/media\/8400683"}],"wp:attachment":[{"href":"https:\/\/bimmermasterpieces.com\/fr\/wp-json\/wp\/v2\/media?parent=8400727"}],"wp:term":[{"taxonomy":"product_brand","embeddable":true,"href":"https:\/\/bimmermasterpieces.com\/fr\/wp-json\/wp\/v2\/product_brand?post=8400727"},{"taxonomy":"product_cat","embeddable":true,"href":"https:\/\/bimmermasterpieces.com\/fr\/wp-json\/wp\/v2\/product_cat?post=8400727"},{"taxonomy":"product_tag","embeddable":true,"href":"https:\/\/bimmermasterpieces.com\/fr\/wp-json\/wp\/v2\/product_tag?post=8400727"}],"curies":[{"name":"wp","href":"https:\/\/api.w.org\/{rel}","templated":true}]}}