{"id":8400883,"date":"2022-09-06T10:59:16","date_gmt":"2022-09-06T08:59:16","guid":{"rendered":"https:\/\/bimmermasterpieces.com\/poignee-de-porte-en-fibre-de-carbone\/"},"modified":"2025-10-21T14:04:04","modified_gmt":"2025-10-21T12:04:04","slug":"poignee-de-porte-en-fibre-de-carbone","status":"publish","type":"product","link":"https:\/\/bimmermasterpieces.com\/fr\/produit\/poignee-de-porte-en-fibre-de-carbone\/","title":{"rendered":"Bmw Poign\u00e9e de Porte en Fibre de Carbone"},"content":{"rendered":"","protected":false},"excerpt":{"rendered":"<p>La poign\u00e9e de porte de couleur aluminium est un choix de conception fixe pour de nombreuses marques de voitures depuis des ann\u00e9es, et certainement pour BMW.<br \/>\nEgalement dans les mod\u00e8les M. Mais est-ce aussi un design dynamique et ,,Racy\" ?<br \/>\nLe jugement vous appartient.<\/p>\n<ul>\n<li>Non cumulable avec notre ouvre-porte decoratif en fibre de carbone<\/li>\n<li>Assemblage facile ( 10 minutes)<\/li>\n<li>Poign\u00e9e de porte arri\u00e8re identique<\/li>\n<\/ul>\n<p>Le prix est par lot de 2<\/p>\n","protected":false},"featured_media":8400863,"template":"","meta":{"_acf_changed":false},"product_brand":[],"product_cat":[],"product_tag":[],"class_list":{"0":"post-8400883","1":"product","2":"type-product","3":"status-publish","4":"has-post-thumbnail","7":"first","8":"instock","9":"shipping-taxable","10":"purchasable","11":"product-type-simple"},"acf":[],"wcpa_form_fields":null,"_links":{"self":[{"href":"https:\/\/bimmermasterpieces.com\/fr\/wp-json\/wp\/v2\/product\/8400883","targetHints":{"allow":["GET"]}}],"collection":[{"href":"https:\/\/bimmermasterpieces.com\/fr\/wp-json\/wp\/v2\/product"}],"about":[{"href":"https:\/\/bimmermasterpieces.com\/fr\/wp-json\/wp\/v2\/types\/product"}],"wp:featuredmedia":[{"embeddable":true,"href":"https:\/\/bimmermasterpieces.com\/fr\/wp-json\/wp\/v2\/media\/8400863"}],"wp:attachment":[{"href":"https:\/\/bimmermasterpieces.com\/fr\/wp-json\/wp\/v2\/media?parent=8400883"}],"wp:term":[{"taxonomy":"product_brand","embeddable":true,"href":"https:\/\/bimmermasterpieces.com\/fr\/wp-json\/wp\/v2\/product_brand?post=8400883"},{"taxonomy":"product_cat","embeddable":true,"href":"https:\/\/bimmermasterpieces.com\/fr\/wp-json\/wp\/v2\/product_cat?post=8400883"},{"taxonomy":"product_tag","embeddable":true,"href":"https:\/\/bimmermasterpieces.com\/fr\/wp-json\/wp\/v2\/product_tag?post=8400883"}],"curies":[{"name":"wp","href":"https:\/\/api.w.org\/{rel}","templated":true}]}}