{"id":8401378,"date":"2023-07-19T13:40:17","date_gmt":"2023-07-19T11:40:17","guid":{"rendered":"https:\/\/bimmermasterpieces.com\/lunette-en-fibre-de-carbone-des-touches-de-commande\/"},"modified":"2024-08-24T19:00:42","modified_gmt":"2024-08-24T17:00:42","slug":"lunette-en-fibre-de-carbone-des-touches-de-commande","status":"publish","type":"product","link":"https:\/\/bimmermasterpieces.com\/fr\/produit\/lunette-en-fibre-de-carbone-des-touches-de-commande\/","title":{"rendered":"Bmw Lunette en fibre de carbone des touches de commande"},"content":{"rendered":"<p><img loading=\"lazy\" decoding=\"async\" class=\"alignnone wp-image-8401340 size-full\" src=\"https:\/\/bimmermasterpieces.com\/wp-content\/uploads\/2023\/07\/DSC_0652-1.jpg\" alt=\"\" width=\"1200\" height=\"798\" srcset=\"https:\/\/bimmermasterpieces.com\/wp-content\/uploads\/2023\/07\/DSC_0652-1.jpg 1200w, https:\/\/bimmermasterpieces.com\/wp-content\/uploads\/2023\/07\/DSC_0652-1-300x200.jpg 300w, https:\/\/bimmermasterpieces.com\/wp-content\/uploads\/2023\/07\/DSC_0652-1-1024x681.jpg 1024w, https:\/\/bimmermasterpieces.com\/wp-content\/uploads\/2023\/07\/DSC_0652-1-768x511.jpg 768w, https:\/\/bimmermasterpieces.com\/wp-content\/uploads\/2023\/07\/DSC_0652-1-480x319.jpg 480w, https:\/\/bimmermasterpieces.com\/wp-content\/uploads\/2023\/07\/DSC_0652-1-640x426.jpg 640w, https:\/\/bimmermasterpieces.com\/wp-content\/uploads\/2023\/07\/DSC_0652-1-720x479.jpg 720w, https:\/\/bimmermasterpieces.com\/wp-content\/uploads\/2023\/07\/DSC_0652-1-960x638.jpg 960w, https:\/\/bimmermasterpieces.com\/wp-content\/uploads\/2023\/07\/DSC_0652-1-1168x777.jpg 1168w, https:\/\/bimmermasterpieces.com\/wp-content\/uploads\/2023\/07\/DSC_0652-1-600x399.jpg 600w\" sizes=\"auto, (max-width: 1200px) 100vw, 1200px\" \/><\/p>\n","protected":false},"excerpt":{"rendered":"<p>Qui pense que le cadre en fibre de carbone repr\u00e9sent\u00e9 est absent du volant M des M2 et M2C ?<\/p>\n<p>L'adherence est obtenue par le ruban adh\u00e9sif double face 3M d\u00e9j\u00e0 appliqu\u00e9 ( 0,2 mm d'epaisseur )<\/p>\n<p>L'assemblage est tr\u00e8s simple et peut \u00eatre install\u00e9 par n'importe qui en quelques minutes.<\/p>\n<p>( La fabrication est tr\u00e8s laborieuse pour nous !)<\/p>\n<p>&nbsp;<\/p>\n<p>Le prix est par jeu de deux.<\/p>\n","protected":false},"featured_media":8401334,"template":"","meta":{"_acf_changed":false},"product_brand":[],"product_cat":[],"product_tag":[],"class_list":{"0":"post-8401378","1":"product","2":"type-product","3":"status-publish","4":"has-post-thumbnail","7":"first","8":"instock","9":"shipping-taxable","10":"purchasable","11":"product-type-simple"},"acf":[],"wcpa_form_fields":null,"_links":{"self":[{"href":"https:\/\/bimmermasterpieces.com\/fr\/wp-json\/wp\/v2\/product\/8401378","targetHints":{"allow":["GET"]}}],"collection":[{"href":"https:\/\/bimmermasterpieces.com\/fr\/wp-json\/wp\/v2\/product"}],"about":[{"href":"https:\/\/bimmermasterpieces.com\/fr\/wp-json\/wp\/v2\/types\/product"}],"wp:featuredmedia":[{"embeddable":true,"href":"https:\/\/bimmermasterpieces.com\/fr\/wp-json\/wp\/v2\/media\/8401334"}],"wp:attachment":[{"href":"https:\/\/bimmermasterpieces.com\/fr\/wp-json\/wp\/v2\/media?parent=8401378"}],"wp:term":[{"taxonomy":"product_brand","embeddable":true,"href":"https:\/\/bimmermasterpieces.com\/fr\/wp-json\/wp\/v2\/product_brand?post=8401378"},{"taxonomy":"product_cat","embeddable":true,"href":"https:\/\/bimmermasterpieces.com\/fr\/wp-json\/wp\/v2\/product_cat?post=8401378"},{"taxonomy":"product_tag","embeddable":true,"href":"https:\/\/bimmermasterpieces.com\/fr\/wp-json\/wp\/v2\/product_tag?post=8401378"}],"curies":[{"name":"wp","href":"https:\/\/api.w.org\/{rel}","templated":true}]}}