{"id":988,"date":"2021-10-08T10:01:00","date_gmt":"2021-10-08T08:01:00","guid":{"rendered":"http:\/\/136.144.206.149\/~bimmer\/product\/pare-soleil-alcantara\/"},"modified":"2025-11-17T10:42:14","modified_gmt":"2025-11-17T09:42:14","slug":"pare-soleil-alcantara","status":"publish","type":"product","link":"https:\/\/bimmermasterpieces.com\/fr\/produit\/pare-soleil-alcantara\/","title":{"rendered":"Bmw Pare-soleil Alcantara"},"content":{"rendered":"","protected":false},"excerpt":{"rendered":"<p><span style=\"color: red; font-weight: bold;\">Votre mod\u00e9le BMW n'est-il pas l\u00e0 ? Envoyez-nous un message s.v.p.<\/span><\/p>\n<p>En raison des nombreuses demandes visant \u00e0 inclure des pare-soleil ( comme sur la BMW S\u00e9rie7 ) avec un aspect haute de gamme dans le programme de livraison,nous y avons r\u00e9pondu.<br \/>\nUn avantage suppl\u00e9mentaire est que les autocollants airbag que beaucoup consid\u00e8rent comme laids ne sont plus pr\u00e9sents. ( retirer l autocollant Airbag est tr\u00e8s difficile et laisse \u00e9galement une impression permanente et moche ! )<br \/>\nBien entendu,vous pouvez choisir parmi toutes les couleurs de fil d origini utili\u00e9es par BMW.<\/p>\n<p>Le prix est par jeu de deux.<\/p>\n<p><a href=\"https:\/\/www.facebook.com\/media\/set\/?set=a.868942089942580&amp;type=3\" target=\"_blank\" rel=\"noopener\">Click ici, pour plus photo's<\/a><\/p>\n<h4>sorties diff\u00e9rentes ( voir menu de s\u00e9lection )<\/h4>\n","protected":false},"featured_media":883,"template":"","meta":{"_acf_changed":false},"product_brand":[],"product_cat":[15],"product_tag":[],"class_list":{"0":"post-988","1":"product","2":"type-product","3":"status-publish","4":"has-post-thumbnail","6":"product_cat-geen-categorie","8":"first","9":"instock","10":"shipping-taxable","11":"purchasable","12":"product-type-variable"},"acf":[],"wcpa_form_fields":null,"_links":{"self":[{"href":"https:\/\/bimmermasterpieces.com\/fr\/wp-json\/wp\/v2\/product\/988","targetHints":{"allow":["GET"]}}],"collection":[{"href":"https:\/\/bimmermasterpieces.com\/fr\/wp-json\/wp\/v2\/product"}],"about":[{"href":"https:\/\/bimmermasterpieces.com\/fr\/wp-json\/wp\/v2\/types\/product"}],"wp:featuredmedia":[{"embeddable":true,"href":"https:\/\/bimmermasterpieces.com\/fr\/wp-json\/wp\/v2\/media\/883"}],"wp:attachment":[{"href":"https:\/\/bimmermasterpieces.com\/fr\/wp-json\/wp\/v2\/media?parent=988"}],"wp:term":[{"taxonomy":"product_brand","embeddable":true,"href":"https:\/\/bimmermasterpieces.com\/fr\/wp-json\/wp\/v2\/product_brand?post=988"},{"taxonomy":"product_cat","embeddable":true,"href":"https:\/\/bimmermasterpieces.com\/fr\/wp-json\/wp\/v2\/product_cat?post=988"},{"taxonomy":"product_tag","embeddable":true,"href":"https:\/\/bimmermasterpieces.com\/fr\/wp-json\/wp\/v2\/product_tag?post=988"}],"curies":[{"name":"wp","href":"https:\/\/api.w.org\/{rel}","templated":true}]}}